{"id":109,"date":"2024-05-31T15:10:10","date_gmt":"2024-05-31T15:10:10","guid":{"rendered":"https:\/\/zuttix.com\/?page_id=109"},"modified":"2024-06-05T23:45:26","modified_gmt":"2024-06-05T23:45:26","slug":"gizlilik-politikalari","status":"publish","type":"page","link":"https:\/\/zuttix.com\/tr_eu\/politicas-de-privacidade\/","title":{"rendered":"Gizlilik Politikalar\u0131"},"content":{"rendered":"<p>Gizlili\u011finiz bizim i\u00e7in \u00f6nemlidir. Bu bizim politikam\u0131zd\u0131r. <a href=\"https:\/\/zuttix.com\/tr_eu\/\">Zuttix<\/a> Web sitesinde sizden toplayabilece\u011fimiz her t\u00fcrl\u00fc bilgiyle ilgili olarak gizlili\u011finize sayg\u0131 g\u00f6sterece\u011fiz. <a href=\"https:\/\/zuttix.com\/tr_eu\/\">Zuttix<\/a>Ayr\u0131ca web sitemizden ve sahip oldu\u011fumuz ve i\u015fletti\u011fimiz di\u011fer sitelerden ki\u015fisel bilgiler topluyoruz. Ki\u015fisel bilgileri yaln\u0131zca size bir hizmet sunmak i\u00e7in ger\u00e7ekten ihtiya\u00e7 duydu\u011fumuzda talep ediyoruz. Bunu adil ve yasal bir \u015fekilde, bilginiz ve izninizle yap\u0131yoruz. Ayr\u0131ca, neden toplad\u0131\u011f\u0131m\u0131z\u0131 ve nas\u0131l kullan\u0131laca\u011f\u0131n\u0131 da size bildiriyoruz. Toplanan bilgileri yaln\u0131zca size talep edilen hizmeti sunmak i\u00e7in gereken s\u00fcre boyunca sakl\u0131yoruz. Verileri saklarken, kaybolma ve h\u0131rs\u0131zl\u0131\u011f\u0131n yan\u0131 s\u0131ra yetkisiz eri\u015fim, if\u015fa, kopyalama, kullan\u0131m veya de\u011fi\u015fikli\u011fi \u00f6nlemek i\u00e7in ticari olarak kabul edilebilir y\u00f6ntemlerle koruyoruz. Ki\u015fisel olarak tan\u0131mlanabilir bilgileri, yasalarca gerekli olmad\u0131k\u00e7a, kamuya a\u00e7\u0131k veya \u00fc\u00e7\u00fcnc\u00fc taraflarla payla\u015fm\u0131yoruz. Web sitemiz, taraf\u0131m\u0131zca i\u015fletilmeyen harici sitelere ba\u011flant\u0131lar i\u00e7erebilir. L\u00fctfen bu sitelerin i\u00e7eri\u011fi ve uygulamalar\u0131 \u00fczerinde hi\u00e7bir kontrol\u00fcm\u00fcz olmad\u0131\u011f\u0131n\u0131 ve ilgili gizlilik politikalar\u0131ndan sorumlu tutulamayaca\u011f\u0131m\u0131z\u0131 unutmay\u0131n. \u0130stenen hizmetlerin bir k\u0131sm\u0131n\u0131 sa\u011flayamayabilece\u011fimizi bilerek, ki\u015fisel bilgi talebimizi reddetmekte \u00f6zg\u00fcrs\u00fcn\u00fcz. Web sitemizi kullanmaya devam etmeniz, gizlilik ve ki\u015fisel bilgilerle ilgili uygulamalar\u0131m\u0131z\u0131 kabul etti\u011finiz anlam\u0131na gelecektir. Kullan\u0131c\u0131 verilerini ve ki\u015fisel bilgileri nas\u0131l i\u015fledi\u011fimiz konusunda herhangi bir sorunuz varsa l\u00fctfen bizimle ileti\u015fime ge\u00e7in.<\/p>\n\n\n\n<h3 class=\"wp-block-heading\">Zuttix \u00c7erez Politikas\u0131<\/h3>\n\n\n\n<h3 class=\"wp-block-heading\">\u00c7erezler nedir?<\/h3>\n\n\n\n<p>Hemen hemen t\u00fcm profesyonel web sitelerinde oldu\u011fu gibi, bu site de deneyiminizi iyile\u015ftirmek i\u00e7in bilgisayar\u0131n\u0131za indirilen k\u00fc\u00e7\u00fck dosyalar olan \u00e7erezler kullanmaktad\u0131r. Bu sayfada, \u00e7erezlerin hangi bilgileri toplad\u0131\u011f\u0131, bunlar\u0131 nas\u0131l kulland\u0131\u011f\u0131m\u0131z ve bazen neden bu \u00e7erezleri depolamam\u0131z gerekti\u011fi a\u00e7\u0131klanmaktad\u0131r. Ayr\u0131ca, bu \u00e7erezlerin depolanmas\u0131n\u0131 nas\u0131l engelleyebilece\u011finizi de payla\u015faca\u011f\u0131z; ancak bu, sitenin i\u015flevselli\u011finin belirli unsurlar\u0131n\u0131 olumsuz etkileyebilir veya &quot;bozabilir&quot;.<\/p>\n\n\n\n<h3 class=\"wp-block-heading\">\u00c7erezleri nas\u0131l kullan\u0131yoruz?<\/h3>\n\n\n\n<p>\u00c7erezleri a\u015fa\u011f\u0131da ayr\u0131nt\u0131l\u0131 olarak a\u00e7\u0131klanan \u00e7e\u015fitli nedenlerle kullan\u0131yoruz. Maalesef \u00e7o\u011fu durumda, \u00e7erezleri devre d\u0131\u015f\u0131 b\u0131rakmak i\u00e7in, bu siteye sa\u011flad\u0131klar\u0131 i\u015flevsellik ve \u00f6zellikleri tamamen devre d\u0131\u015f\u0131 b\u0131rakmaya y\u00f6nelik standart bir se\u00e7enek bulunmamaktad\u0131r. Kulland\u0131\u011f\u0131n\u0131z bir hizmeti sa\u011flamak i\u00e7in kullan\u0131lmalar\u0131 durumunda, \u00e7erezlere ihtiyac\u0131n\u0131z olup olmad\u0131\u011f\u0131ndan emin de\u011filseniz, t\u00fcm \u00e7erezleri etkin b\u0131rakman\u0131z \u00f6nerilir.<\/p>\n\n\n\n<h3 class=\"wp-block-heading\">\u00c7erezleri devre d\u0131\u015f\u0131 b\u0131rak<\/h3>\n\n\n\n<p>Taray\u0131c\u0131n\u0131zdaki ayarlar\u0131 d\u00fczenleyerek \u00e7erezlerin ayarlanmas\u0131n\u0131 engelleyebilirsiniz (bunun nas\u0131l yap\u0131laca\u011f\u0131n\u0131 \u00f6\u011frenmek i\u00e7in taray\u0131c\u0131n\u0131z\u0131n Yard\u0131m b\u00f6l\u00fcm\u00fcne bak\u0131n). \u00c7erezleri devre d\u0131\u015f\u0131 b\u0131rakman\u0131n, bu ve ziyaret etti\u011finiz di\u011fer bir\u00e7ok web sitesinin i\u015flevselli\u011fini etkileyece\u011fini unutmay\u0131n. \u00c7erezleri devre d\u0131\u015f\u0131 b\u0131rakmak genellikle bu sitenin belirli i\u015flev ve \u00f6zelliklerinin de devre d\u0131\u015f\u0131 kalmas\u0131na neden olur. Bu nedenle, \u00e7erezleri devre d\u0131\u015f\u0131 b\u0131rakmaman\u0131z \u00f6nerilir.<\/p>\n\n\n\n<h3 class=\"wp-block-heading\">Ayarlad\u0131\u011f\u0131m\u0131z \u00e7erezler<\/h3>\n\n\n\n<ul class=\"wp-block-list\">\n<li>Hesapla ilgili \u00e7erezler: Bizimle bir hesap olu\u015fturursan\u0131z, kay\u0131t s\u00fcrecini ve genel y\u00f6netimi y\u00f6netmek i\u00e7in \u00e7erezleri kullan\u0131r\u0131z. Bu \u00e7erezler genellikle sistemden \u00e7\u0131k\u0131\u015f yapt\u0131\u011f\u0131n\u0131zda silinir, ancak baz\u0131 durumlarda, siteden ayr\u0131ld\u0131\u011f\u0131n\u0131zda site tercihlerinizi hat\u0131rlamak i\u00e7in daha sonra da kalabilirler.<\/li>\n\n\n\n<li>Giri\u015fle ilgili \u00e7erezler: Giri\u015f yapt\u0131\u011f\u0131n\u0131zda, bu eylemi hat\u0131rlayabilmemiz i\u00e7in \u00e7erezler kullan\u0131r\u0131z. Bu, her yeni sayfay\u0131 ziyaret etti\u011finizde tekrar giri\u015f yapman\u0131z\u0131 engeller. Bu \u00e7erezler genellikle, giri\u015f yapt\u0131\u011f\u0131n\u0131zda yaln\u0131zca k\u0131s\u0131tl\u0131 kaynaklara ve alanlara eri\u015febilmenizi sa\u011flamak i\u00e7in \u00e7\u0131k\u0131\u015f yapt\u0131\u011f\u0131n\u0131zda kald\u0131r\u0131l\u0131r veya silinir.<\/li>\n\n\n\n<li>E-posta b\u00fcltenleriyle ilgili \u00e7erezler: Bu web sitesi, b\u00fclten veya e-posta aboneli\u011fi hizmetleri sunmaktad\u0131r ve daha \u00f6nce kay\u0131tl\u0131 olup olmad\u0131\u011f\u0131n\u0131z\u0131 ve yaln\u0131zca abone\/abone olmayan kullan\u0131c\u0131lar i\u00e7in ge\u00e7erli olan belirli bildirimlerin g\u00f6sterilip g\u00f6sterilmeyece\u011fini hat\u0131rlamak i\u00e7in \u00e7erezler kullan\u0131labilir.<\/li>\n\n\n\n<li>Sipari\u015f i\u015flemeyle ilgili \u00e7erezler: Bu site e-ticaret veya \u00f6deme olanaklar\u0131 sunmaktad\u0131r ve baz\u0131 \u00e7erezler sipari\u015finizin sayfalar aras\u0131nda hat\u0131rlanmas\u0131n\u0131 ve d\u00fczg\u00fcn bir \u015fekilde i\u015flenebilmesini sa\u011flamak i\u00e7in gereklidir.<\/li>\n\n\n\n<li>Anketlerle ilgili \u00e7erezler: \u0130lgi \u00e7ekici bilgiler, faydal\u0131 ara\u00e7lar sunmak veya kullan\u0131c\u0131 taban\u0131m\u0131z\u0131 daha do\u011fru anlamak i\u00e7in d\u00fczenli olarak anketler ve soru formlar\u0131 sunuyoruz. Bu anketler, ankete kimlerin kat\u0131ld\u0131\u011f\u0131n\u0131 hat\u0131rlamak veya sayfa de\u011fi\u015fiklikleri sonras\u0131nda do\u011fru sonu\u00e7lar sa\u011flamak i\u00e7in \u00e7erezler kullanabilir.<\/li>\n\n\n\n<li>Formla ilgili \u00e7erezler: \u0130leti\u015fim sayfalar\u0131 veya yorum formlar\u0131 gibi bir form arac\u0131l\u0131\u011f\u0131yla veri g\u00f6nderdi\u011finizde, gelecekteki yaz\u0131\u015fmalar i\u00e7in kullan\u0131c\u0131 bilgilerinizi hat\u0131rlamak \u00fczere \u00e7erezler ayarlanabilir.<\/li>\n\n\n\n<li>Web Sitesi Tercih \u00c7erezleri: Size bu sitede harika bir deneyim sunmak i\u00e7in, siteyi kulland\u0131\u011f\u0131n\u0131zda nas\u0131l davranaca\u011f\u0131na dair tercihlerinizi belirlemenize olanak tan\u0131yan bir i\u015flevsellik sunuyoruz. Tercihlerinizi hat\u0131rlamak i\u00e7in, tercihlerinizden etkilenen bir sayfayla etkile\u015fim kurdu\u011funuzda bu bilgilerin hat\u0131rlanabilmesini sa\u011flayacak \u00e7erezler ayarlamam\u0131z gerekiyor.<\/li>\n<\/ul>\n\n\n\n<h3 class=\"wp-block-heading\">\u00dc\u00e7\u00fcnc\u00fc taraf \u00e7erezleri<\/h3>\n\n\n\n<p>Baz\u0131 \u00f6zel durumlarda, g\u00fcvenilir \u00fc\u00e7\u00fcnc\u00fc taraflarca sa\u011flanan \u00e7erezleri de kullan\u0131r\u0131z. A\u015fa\u011f\u0131daki b\u00f6l\u00fcm, bu web sitesi arac\u0131l\u0131\u011f\u0131yla kar\u015f\u0131la\u015fabilece\u011finiz \u00fc\u00e7\u00fcnc\u00fc taraf \u00e7erezlerini ayr\u0131nt\u0131l\u0131 olarak a\u00e7\u0131klamaktad\u0131r.<\/p>\n\n\n\n<ul class=\"wp-block-list\">\n<li>Bu web sitesi, siteyi nas\u0131l kulland\u0131\u011f\u0131n\u0131z\u0131 ve deneyiminizi nas\u0131l iyile\u015ftirebilece\u011fimizi anlamam\u0131za yard\u0131mc\u0131 olmak i\u00e7in web&#039;deki en yayg\u0131n ve g\u00fcvenilir analiz \u00e7\u00f6z\u00fcmlerinden biri olan Google Analytics&#039;i kullanmaktad\u0131r. Bu \u00e7erezler, sitede ne kadar zaman ge\u00e7irdi\u011finiz ve ziyaret etti\u011finiz sayfalar gibi bilgileri izleyebilir, b\u00f6ylece ilgi \u00e7ekici i\u00e7erikler \u00fcretmeye devam edebiliriz.<\/li>\n<\/ul>\n\n\n\n<p>Google Analytics \u00e7erezleri hakk\u0131nda daha fazla bilgi edinmek i\u00e7in l\u00fctfen resmi Google Analytics sayfas\u0131n\u0131 ziyaret edin.<\/p>\n\n\n\n<ul class=\"wp-block-list\">\n<li>\u00dc\u00e7\u00fcnc\u00fc taraf analizleri, ilgi \u00e7ekici i\u00e7erikler \u00fcretmeye devam edebilmemiz i\u00e7in bu sitenin kullan\u0131m\u0131n\u0131 izlemek ve \u00f6l\u00e7mek amac\u0131yla kullan\u0131l\u0131r. Bu \u00e7erezler, sitede ge\u00e7irdi\u011finiz s\u00fcre veya ziyaret etti\u011finiz sayfalar gibi bilgileri izleyebilir; bu da siteyi sizin i\u00e7in nas\u0131l iyile\u015ftirebilece\u011fimizi anlamam\u0131za yard\u0131mc\u0131 olur.<\/li>\n\n\n\n<li>Periyodik olarak yeni \u00f6zellikleri test ediyor ve sitenin kendini sunma bi\u00e7iminde k\u00fc\u00e7\u00fck de\u011fi\u015fiklikler yap\u0131yoruz. Yeni \u00f6zellikleri test etmeye devam ederken, kullan\u0131c\u0131lar\u0131m\u0131z\u0131n hangi optimizasyonlar\u0131 en \u00e7ok be\u011fendi\u011fini anlarken, sitede tutarl\u0131 bir deneyim ya\u015faman\u0131z\u0131 sa\u011flamak i\u00e7in bu \u00e7erezler kullan\u0131labilir.<\/li>\n\n\n\n<li>\u00dcr\u00fcn satarken, web sitemizi ziyaret edenlerin ka\u00e7\u0131n\u0131n ger\u00e7ekten al\u0131\u015fveri\u015f yapt\u0131\u011f\u0131n\u0131 g\u00f6steren istatistikleri anlamam\u0131z \u00f6nemlidir ve bu \u00e7erezler bu t\u00fcr verileri izleyecektir. Bu sizin i\u00e7in \u00f6nemlidir \u00e7\u00fcnk\u00fc reklam ve \u00fcr\u00fcn maliyetlerimizi analiz ederek m\u00fcmk\u00fcn olan en iyi fiyat\u0131 elde etmemizi sa\u011flayan do\u011fru i\u015f tahminleri yapabilece\u011fimiz anlam\u0131na gelir.<\/li>\n\n\n\n<li>Reklam sunmak i\u00e7in kulland\u0131\u011f\u0131m\u0131z Google AdSense hizmeti, web genelinde daha alakal\u0131 reklamlar sunmak ve belirli bir reklam\u0131n size g\u00f6sterilme say\u0131s\u0131n\u0131 s\u0131n\u0131rlamak i\u00e7in bir DoubleClick \u00e7erezi kullan\u0131r. Google AdSense hakk\u0131nda daha fazla bilgi i\u00e7in l\u00fctfen resmi Google AdSense gizlilik SSS b\u00f6l\u00fcm\u00fcne bak\u0131n.<\/li>\n\n\n\n<li>Bu sitenin i\u015fletme maliyetlerini kar\u015f\u0131lamak ve gelecekteki geli\u015ftirmeler i\u00e7in fon sa\u011flamak amac\u0131yla reklam kullan\u0131yoruz. Bu site taraf\u0131ndan kullan\u0131lan davran\u0131\u015fsal reklam \u00e7erezleri, ilgi alanlar\u0131n\u0131z\u0131 anonim olarak izleyerek ve ilginizi \u00e7ekebilecek benzer i\u00e7erikler sunarak m\u00fcmk\u00fcn olan en k\u0131sa s\u00fcrede size en uygun reklamlar\u0131n sunulmas\u0131n\u0131 sa\u011flamak i\u00e7in tasarlanm\u0131\u015ft\u0131r.<\/li>\n\n\n\n<li>Bir\u00e7ok ortak bizim ad\u0131m\u0131za reklam verir ve ba\u011fl\u0131 kurulu\u015f izleme \u00e7erezleri, m\u00fc\u015fterilerimizin siteye ortak sitelerimizden biri arac\u0131l\u0131\u011f\u0131yla eri\u015fip eri\u015fmedi\u011fini g\u00f6rmemizi sa\u011flar; b\u00f6ylece onlara uygun \u015fekilde kredi verebiliriz ve uygun durumlarda ba\u011fl\u0131 kurulu\u015f ortaklar\u0131m\u0131z\u0131n sizi sat\u0131n almaya te\u015fvik etmek i\u00e7in sa\u011flayabilecekleri promosyonlar\u0131 sunmalar\u0131na olanak tan\u0131r\u0131z.<\/li>\n<\/ul>\n\n\n\n<h3 class=\"wp-block-heading\">Kullan\u0131c\u0131 Taahh\u00fcd\u00fc<\/h3>\n\n\n\n<p>Kullan\u0131c\u0131, Zuttix&#039;in web sitesinde sundu\u011fu i\u00e7erik ve bilgileri, bunlarla s\u0131n\u0131rl\u0131 olmamak \u00fczere, uygun \u015fekilde kullanmay\u0131 kabul eder:<\/p>\n\n\n\n<ul class=\"wp-block-list\">\n<li>A) Hukuka ayk\u0131r\u0131, iyi niyet ve kamu d\u00fczenine ayk\u0131r\u0131 faaliyetlerde bulunmamak;<\/li>\n\n\n\n<li>B) Irk\u00e7\u0131, yabanc\u0131 d\u00fc\u015fman\u0131 veya u\u011fursuz nitelikte propaganda veya i\u00e7erik, her t\u00fcrl\u00fc yasad\u0131\u015f\u0131 pornografi, ter\u00f6rizmi te\u015fvik eden veya insan haklar\u0131n\u0131 ihlal eden i\u00e7erik yaymamak;<\/li>\n\n\n\n<li>C) Zuttix&#039;in, tedarik\u00e7ilerinin veya \u00fc\u00e7\u00fcnc\u00fc ki\u015filerin fiziksel (donan\u0131m) ve mant\u0131ksal (yaz\u0131l\u0131m) sistemlerine, bilgisayar vir\u00fcsleri veya yukar\u0131da belirtilen zarara neden olabilecek di\u011fer donan\u0131m veya yaz\u0131l\u0131m sistemlerini tan\u0131tarak veya yayarak zarar vermemek.<\/li>\n<\/ul>\n\n\n\n<h3 class=\"wp-block-heading\">Daha fazla bilgi<\/h3>\n\n\n\n<p>Umar\u0131z bu a\u00e7\u0131kt\u0131r ve daha \u00f6nce de belirtildi\u011fi gibi, ihtiyac\u0131n\u0131z olup olmad\u0131\u011f\u0131ndan emin olmad\u0131\u011f\u0131n\u0131z bir \u015fey varsa, web sitemizde kulland\u0131\u011f\u0131n\u0131z \u00f6zelliklerden biriyle etkile\u015fim kurman\u0131z durumunda \u00e7erezleri etkin b\u0131rakmak genellikle daha g\u00fcvenlidir. Bu politika [tarih] tarihinden itibaren ge\u00e7erlidir. <strong>Ocak<\/strong>\/<strong>2022<\/strong>.<\/p>","protected":false},"excerpt":{"rendered":"<p>A sua privacidade \u00e9 importante para n\u00f3s. \u00c9 pol\u00edtica do Zuttix respeitar a sua privacidade em rela\u00e7\u00e3o a qualquer informa\u00e7\u00e3o sua que possamos coletar no site Zuttix, e outros sites que possu\u00edmos e operamos. Solicitamos informa\u00e7\u00f5es pessoais apenas quando realmente precisamos delas para lhe fornecer um servi\u00e7o. Fazemo-lo por meios justos e legais, com o [&hellip;]<\/p>\n","protected":false},"author":1,"featured_media":0,"parent":0,"menu_order":0,"comment_status":"closed","ping_status":"closed","template":"","meta":{"footnotes":""},"class_list":["post-109","page","type-page","status-publish"],"_links":{"self":[{"href":"https:\/\/zuttix.com\/tr_eu\/wp-json\/wp\/v2\/pages\/109","targetHints":{"allow":["GET"]}}],"collection":[{"href":"https:\/\/zuttix.com\/tr_eu\/wp-json\/wp\/v2\/pages"}],"about":[{"href":"https:\/\/zuttix.com\/tr_eu\/wp-json\/wp\/v2\/types\/page"}],"author":[{"embeddable":true,"href":"https:\/\/zuttix.com\/tr_eu\/wp-json\/wp\/v2\/users\/1"}],"replies":[{"embeddable":true,"href":"https:\/\/zuttix.com\/tr_eu\/wp-json\/wp\/v2\/comments?post=109"}],"version-history":[{"count":4,"href":"https:\/\/zuttix.com\/tr_eu\/wp-json\/wp\/v2\/pages\/109\/revisions"}],"predecessor-version":[{"id":226,"href":"https:\/\/zuttix.com\/tr_eu\/wp-json\/wp\/v2\/pages\/109\/revisions\/226"}],"wp:attachment":[{"href":"https:\/\/zuttix.com\/tr_eu\/wp-json\/wp\/v2\/media?parent=109"}],"curies":[{"name":"wp","href":"https:\/\/api.w.org\/{rel}","templated":true}]}}