{"id":107,"date":"2024-05-31T15:09:54","date_gmt":"2024-05-31T15:09:54","guid":{"rendered":"https:\/\/zuttix.com\/?page_id=107"},"modified":"2024-06-05T23:48:08","modified_gmt":"2024-06-05T23:48:08","slug":"kullanim-kosullari","status":"publish","type":"page","link":"https:\/\/zuttix.com\/tr_eu\/termos-de-uso\/","title":{"rendered":"Kullan\u0131m \u015eartlar\u0131"},"content":{"rendered":"<h3 class=\"wp-block-heading\" id=\"1-termos\">1. \u015eartlar<\/h3>\n\n\n\n<p>Web sitesine eri\u015firken <a href=\"https:\/\/zuttix.com\/tr_eu\/\">Zuttix<\/a>Bu siteyi kullanarak, bu hizmet \u015fartlar\u0131na, ge\u00e7erli t\u00fcm yasa ve d\u00fczenlemelere ba\u011fl\u0131 kalmay\u0131 ve ge\u00e7erli t\u00fcm yerel yasalara uymaktan sorumlu oldu\u011funuzu kabul etmi\u015f olursunuz. Bu \u015fartlardan herhangi birini kabul etmiyorsan\u0131z, bu siteyi kullanman\u0131z veya siteye eri\u015fmeniz yasakt\u0131r. Bu web sitesinde yer alan materyaller, ge\u00e7erli telif hakk\u0131 ve ticari marka yasalar\u0131yla korunmaktad\u0131r.<\/p>\n\n\n\n<h3 class=\"wp-block-heading\" id=\"2-uso-de-licenca\">2. Lisans Kullan\u0131m\u0131<\/h3>\n\n\n\n<p>Zuttix web sitesindeki materyallerin (bilgi veya yaz\u0131l\u0131m) yaln\u0131zca ki\u015fisel ve ticari olmayan g\u00f6r\u00fcnt\u00fcleme amac\u0131yla ge\u00e7ici olarak bir kopyas\u0131n\u0131 indirme izni verilmi\u015ftir. Bu, bir lisans verilmesidir, m\u00fclkiyet devri de\u011fildir ve bu lisans kapsam\u0131nda \u015funlar\u0131 yapamazs\u0131n\u0131z:\u00a0<\/p>\n\n\n\n<ol class=\"wp-block-list\">\n<li>materyalleri de\u011fi\u015ftirmek veya kopyalamak;\u00a0<\/li>\n\n\n\n<li>Materyalleri herhangi bir ticari ama\u00e7 i\u00e7in veya kamuya a\u00e7\u0131k g\u00f6sterim i\u00e7in (ticari veya ticari olmayan) kullanmay\u0131n;\u00a0<\/li>\n\n\n\n<li>Zuttix web sitesinde bulunan herhangi bir yaz\u0131l\u0131m\u0131n derlemesini \u00e7\u00f6zmeye veya tersine m\u00fchendislik uygulamaya \u00e7al\u0131\u015fmak;\u00a0<\/li>\n\n\n\n<li>materyallerden herhangi bir telif hakk\u0131n\u0131 veya di\u011fer m\u00fclkiyet kay\u0131tlar\u0131n\u0131 kald\u0131rmak; veya\u00a0<\/li>\n\n\n\n<li>Materyalleri ba\u015fka bir ki\u015fiye aktarmay\u0131n veya ba\u015fka bir sunucuda &#039;yans\u0131tmay\u0131n&#039;.<\/li>\n<\/ol>\n\n\n\n<p>Bu lisans, bu k\u0131s\u0131tlamalardan herhangi birini ihlal etmeniz durumunda otomatik olarak sona erecek ve Zuttix taraf\u0131ndan herhangi bir zamanda feshedilebilecektir. Bu materyalleri g\u00f6r\u00fcnt\u00fclemeyi sonland\u0131rd\u0131\u011f\u0131n\u0131zda veya bu lisans\u0131n feshedilmesi durumunda, elektronik veya bas\u0131l\u0131 formatta olsun, elinizde bulunan t\u00fcm indirilmi\u015f materyalleri imha etmeniz gerekmektedir.<\/p>\n\n\n\n<h3 class=\"wp-block-heading\" id=\"3-isencao-de-responsabilidade\">3. Sorumluluk Reddi<\/h3>\n\n\n\n<ol class=\"wp-block-list\">\n<li>Zuttix web sitesindeki materyaller &quot;oldu\u011fu gibi&quot; sunulmaktad\u0131r. Zuttix, a\u00e7\u0131k veya z\u0131mni hi\u00e7bir garanti vermez ve i\u015fbu belgeyle, pazarlanabilirlik, belirli bir amaca uygunluk veya fikri m\u00fclkiyetin ihlal edilmemesi veya ba\u015fka bir hak ihlalinin olmamas\u0131 dahil ancak bunlarla s\u0131n\u0131rl\u0131 olmamak \u00fczere, t\u00fcm di\u011fer garantileri reddeder ve ge\u00e7ersiz k\u0131lar.<\/li>\n\n\n\n<li>Ayr\u0131ca Zuttix, web sitesinde yer alan materyallerin veya bu materyallerle veya bu siteye ba\u011fl\u0131 herhangi bir siteyle ilgili olarak kullan\u0131m\u0131n\u0131n do\u011frulu\u011fu, muhtemel sonu\u00e7lar\u0131 veya g\u00fcvenilirli\u011fi konusunda hi\u00e7bir garanti vermez veya beyanda bulunmaz.<\/li>\n<\/ol>\n\n\n\n<h3 class=\"wp-block-heading\" id=\"4-limitacoes\">4. S\u0131n\u0131rlamalar<\/h3>\n\n\n\n<p>Zuttix veya tedarik\u00e7ileri, Zuttix&#039;teki materyallerin kullan\u0131m\u0131ndan veya kullan\u0131lamamas\u0131ndan kaynaklanan hi\u00e7bir zarardan (veri veya k\u00e2r kayb\u0131 veya i\u015f kesintisi nedeniyle olu\u015fan zararlar dahil ancak bunlarla s\u0131n\u0131rl\u0131 olmamak \u00fczere) hi\u00e7bir \u015fekilde sorumlu tutulamaz. Zuttix veya Zuttix&#039;in yetkili bir temsilcisine bu t\u00fcr zararlar\u0131n olas\u0131l\u0131\u011f\u0131 s\u00f6zl\u00fc veya yaz\u0131l\u0131 olarak bildirilmi\u015f olsa bile bu durum ge\u00e7erlidir. Baz\u0131 yarg\u0131 b\u00f6lgeleri, z\u0131mni garantilere veya dolayl\u0131 veya ar\u0131zi zararlar i\u00e7in sorumluluk s\u0131n\u0131rlamalar\u0131na izin vermedi\u011finden, bu s\u0131n\u0131rlamalar sizin i\u00e7in ge\u00e7erli olmayabilir.<\/p>\n\n\n\n<h3 class=\"wp-block-heading\" id=\"5-precisao-dos-materiais\">5. Malzemelerin hassasiyeti<\/h3>\n\n\n\n<p>Zuttix web sitesinde g\u00f6r\u00fcnt\u00fclenen materyaller teknik, tipografik veya foto\u011frafik hatalar i\u00e7erebilir. Zuttix, web sitesindeki hi\u00e7bir materyalin do\u011fru, eksiksiz veya g\u00fcncel oldu\u011funu garanti etmez. Zuttix, web sitesinde yer alan materyallerde herhangi bir zamanda \u00f6nceden haber vermeksizin de\u011fi\u015fiklik yapabilir. Ancak Zuttix, materyalleri g\u00fcncellemeyi taahh\u00fct etmez.<\/p>\n\n\n\n<h3 class=\"wp-block-heading\" id=\"6-links\">6. Ba\u011flant\u0131lar<\/h3>\n\n\n\n<p>Zuttix, web sitesine ba\u011fl\u0131 t\u00fcm siteleri incelememi\u015ftir ve ba\u011flant\u0131l\u0131 sitelerin i\u00e7eri\u011finden sorumlu de\u011fildir. Herhangi bir ba\u011flant\u0131n\u0131n eklenmesi, Zuttix&#039;in siteyi onaylad\u0131\u011f\u0131 anlam\u0131na gelmez. Ba\u011flant\u0131l\u0131 herhangi bir web sitesinin kullan\u0131m\u0131 kullan\u0131c\u0131n\u0131n kendi sorumlulu\u011fundad\u0131r.<\/p>\n\n\n\n<h3 class=\"wp-block-heading\" id=\"modificacoes\">De\u011fi\u015fiklikler<\/h3>\n\n\n\n<p>Zuttix, bu web sitesi hizmet \u015fartlar\u0131n\u0131 herhangi bir zamanda \u00f6nceden haber vermeksizin de\u011fi\u015ftirebilir. Bu web sitesini kullanarak, bu hizmet \u015fartlar\u0131n\u0131n g\u00fcncel s\u00fcr\u00fcm\u00fcne ba\u011fl\u0131 kalmay\u0131 kabul etmi\u015f olursunuz.<\/p>\n\n\n\n<h3 class=\"wp-block-heading\" id=\"lei-aplicavel\">Uygulanabilir hukuk<\/h3>\n\n\n\n<p>Bu h\u00fck\u00fcm ve ko\u015fullar Zuttix yasalar\u0131na tabidir ve bu yasalara g\u00f6re yorumlan\u0131r ve siz geri d\u00f6n\u00fclmez bir \u015fekilde o eyalet veya b\u00f6lgedeki mahkemelerin m\u00fcnhas\u0131r yarg\u0131 yetkisine tabi olursunuz.<\/p>","protected":false},"excerpt":{"rendered":"<p>1. Termos Ao acessar ao site Zuttix, concorda em cumprir estes termos de servi\u00e7o, todas as leis e regulamentos aplic\u00e1veis \u200b\u200be concorda que \u00e9 respons\u00e1vel pelo cumprimento de todas as leis locais aplic\u00e1veis. Se voc\u00ea n\u00e3o concordar com algum desses termos, est\u00e1 proibido de usar ou acessar este site. Os materiais contidos neste site s\u00e3o [&hellip;]<\/p>\n","protected":false},"author":1,"featured_media":0,"parent":0,"menu_order":0,"comment_status":"closed","ping_status":"closed","template":"","meta":{"footnotes":""},"class_list":["post-107","page","type-page","status-publish"],"_links":{"self":[{"href":"https:\/\/zuttix.com\/tr_eu\/wp-json\/wp\/v2\/pages\/107","targetHints":{"allow":["GET"]}}],"collection":[{"href":"https:\/\/zuttix.com\/tr_eu\/wp-json\/wp\/v2\/pages"}],"about":[{"href":"https:\/\/zuttix.com\/tr_eu\/wp-json\/wp\/v2\/types\/page"}],"author":[{"embeddable":true,"href":"https:\/\/zuttix.com\/tr_eu\/wp-json\/wp\/v2\/users\/1"}],"replies":[{"embeddable":true,"href":"https:\/\/zuttix.com\/tr_eu\/wp-json\/wp\/v2\/comments?post=107"}],"version-history":[{"count":2,"href":"https:\/\/zuttix.com\/tr_eu\/wp-json\/wp\/v2\/pages\/107\/revisions"}],"predecessor-version":[{"id":228,"href":"https:\/\/zuttix.com\/tr_eu\/wp-json\/wp\/v2\/pages\/107\/revisions\/228"}],"wp:attachment":[{"href":"https:\/\/zuttix.com\/tr_eu\/wp-json\/wp\/v2\/media?parent=107"}],"curies":[{"name":"wp","href":"https:\/\/api.w.org\/{rel}","templated":true}]}}