{"id":107,"date":"2024-05-31T15:09:54","date_gmt":"2024-05-31T15:09:54","guid":{"rendered":"https:\/\/zuttix.com\/?page_id=107"},"modified":"2024-06-05T23:48:08","modified_gmt":"2024-06-05T23:48:08","slug":"pogoji-uporabe","status":"publish","type":"page","link":"https:\/\/zuttix.com\/sl\/termos-de-uso\/","title":{"rendered":"Pogoji uporabe"},"content":{"rendered":"<h3 class=\"wp-block-heading\" id=\"1-termos\">1. Pogoji<\/h3>\n\n\n\n<p>Pri dostopu do spletne strani <a href=\"https:\/\/zuttix.com\/sl\/\">Zuttix<\/a>, se strinjate, da boste upo\u0161tevali te pogoje storitve, vse veljavne zakone in predpise ter se strinjate, da ste odgovorni za skladnost z vsemi veljavnimi lokalnimi zakoni. \u010ce se ne strinjate s katerim od teh pogojev, vam je prepovedana uporaba ali dostop do tega mesta. Gradivo na tej spletni strani je za\u0161\u010diteno z veljavno zakonodajo o avtorskih pravicah in blagovnih znamkah.<\/p>\n\n\n\n<h3 class=\"wp-block-heading\" id=\"2-uso-de-licenca\">2. Uporabite licenco<\/h3>\n\n\n\n<p>Dovoljeno je za\u010dasno prenesti eno kopijo gradiva (informacij ali programske opreme) na spletno mesto Zuttix samo za osebni, nekomercialni prehodni ogled. To je podelitev licence, ne prenos lastninske pravice, in v skladu s to licenco ne smete:\u00a0<\/p>\n\n\n\n<ol class=\"wp-block-list\">\n<li>spreminjati ali kopirati materiale;\u00a0<\/li>\n\n\n\n<li>uporabljati materiale za kakr\u0161ne koli komercialne namene ali za kakr\u0161no koli javno prikazovanje (komercialno ali nekomercialno);\u00a0<\/li>\n\n\n\n<li>poskus dekompilacije ali obratnega in\u017eeniringa katere koli programske opreme, ki je na spletnem mestu Zuttix;\u00a0<\/li>\n\n\n\n<li>odstraniti morebitne avtorske ali druge lastni\u0161ke oznake iz materialov; oz\u00a0<\/li>\n\n\n\n<li>prenesti materiale na drugo osebo ali &#039;zrcaliti&#039; materiale na katerem koli drugem stre\u017eniku.<\/li>\n<\/ol>\n\n\n\n<p>Ta licenca samodejno preneha veljati, \u010de kr\u0161ite katero koli od teh omejitev in jo lahko Zuttix kadar koli prekine. Po prekinitvi ogledovanja teh gradiv ali po prenehanju veljavnosti te licence morate uni\u010diti vsa prenesena gradiva, ki jih imate v elektronski ali tiskani obliki.<\/p>\n\n\n\n<h3 class=\"wp-block-heading\" id=\"3-isencao-de-responsabilidade\">3. Zavrnitev odgovornosti<\/h3>\n\n\n\n<ol class=\"wp-block-list\">\n<li>Gradiva na Zuttixovi spletni strani so na voljo &quot;tak\u0161na, kot so&quot;. Zuttix ne daje nobenih jamstev, izrecnih ali implicitnih, in s tem zavra\u010da in zanika vsa druga jamstva, vklju\u010dno brez omejitev, implicitnih jamstev ali pogojev primernosti za prodajo, primernosti za dolo\u010den namen ali nekr\u0161itve intelektualne lastnine ali druge kr\u0161itve pravic.<\/li>\n\n\n\n<li>Poleg tega Zuttix ne jam\u010di ali daje nobenih izjav v zvezi s to\u010dnostjo, verjetnimi rezultati ali zanesljivostjo uporabe materialov na svojem spletnem mestu ali kako druga\u010de povezanih s tak\u0161nimi materiali ali na katerem koli spletnem mestu, povezanem s tem spletnim mestom.<\/li>\n<\/ol>\n\n\n\n<h3 class=\"wp-block-heading\" id=\"4-limitacoes\">4. Omejitve<\/h3>\n\n\n\n<p>Zuttix ali njegovi dobavitelji v nobenem primeru niso odgovorni za kakr\u0161no koli \u0161kodo (vklju\u010dno, brez omejitev, \u0161kodo zaradi izgube podatkov ali dobi\u010dka ali zaradi prekinitve poslovanja), ki izhaja iz uporabe ali nezmo\u017enosti uporabe materialov na Zuttixu, tudi \u010de Zuttix ali je bil poobla\u0161\u010deni zastopnik dru\u017ebe Zuttix ustno ali pisno obve\u0161\u010den o mo\u017enosti tovrstne \u0161kode. Ker nekatere jurisdikcije ne dovoljujejo omejitev implicitnih jamstev ali omejitev odgovornosti za posledi\u010dno ali naklju\u010dno \u0161kodo, te omejitve morda ne veljajo za vas.<\/p>\n\n\n\n<h3 class=\"wp-block-heading\" id=\"5-precisao-dos-materiais\">5. Natan\u010dnost materialov<\/h3>\n\n\n\n<p>Gradivo, prikazano na spletni strani Zuttix, lahko vklju\u010duje tehni\u010dne, tipografske ali fotografske napake. Zuttix ne jam\u010di, da je kateri koli material na njegovem spletnem mestu to\u010den, popoln ali aktualen. Zuttix lahko kadar koli brez predhodnega obvestila spremeni gradivo na svoji spletni strani. Vendar se Zuttix ne zavezuje, da bo posodabljal materiale.<\/p>\n\n\n\n<h3 class=\"wp-block-heading\" id=\"6-links\">6. Povezave<\/h3>\n\n\n\n<p>Zuttix ni pregledal vseh spletnih mest, povezanih z njegovim spletnim mestom, in ni odgovoren za vsebino katerega koli takega povezanega spletnega mesta. Vklju\u010ditev katere koli povezave ne pomeni, da podjetje Zuttix podpira spletno mesto. Uporaba katere koli povezane spletne strani je na lastno odgovornost uporabnika.<\/p>\n\n\n\n<h3 class=\"wp-block-heading\" id=\"modificacoes\">Spremembe<\/h3>\n\n\n\n<p>Zuttix lahko te pogoje storitve za svoje spletno mesto kadar koli spremeni brez predhodnega obvestila. Z uporabo tega spletnega mesta se strinjate, da vas zavezuje trenutna razli\u010dica teh pogojev storitve.<\/p>\n\n\n\n<h3 class=\"wp-block-heading\" id=\"lei-aplicavel\">Veljavno pravo<\/h3>\n\n\n\n<p>Ta dolo\u010dila in pogoji urejajo in razlagajo v skladu z zakoni Zuttixa, vi pa se nepreklicno podrejate izklju\u010dni pristojnosti sodi\u0161\u010d v tej dr\u017eavi ali na tej lokaciji.<\/p>","protected":false},"excerpt":{"rendered":"<p>1. Termos Ao acessar ao site Zuttix, concorda em cumprir estes termos de servi\u00e7o, todas as leis e regulamentos aplic\u00e1veis \u200b\u200be concorda que \u00e9 respons\u00e1vel pelo cumprimento de todas as leis locais aplic\u00e1veis. Se voc\u00ea n\u00e3o concordar com algum desses termos, est\u00e1 proibido de usar ou acessar este site. Os materiais contidos neste site s\u00e3o [&hellip;]<\/p>\n","protected":false},"author":1,"featured_media":0,"parent":0,"menu_order":0,"comment_status":"closed","ping_status":"closed","template":"","meta":{"footnotes":""},"class_list":["post-107","page","type-page","status-publish"],"_links":{"self":[{"href":"https:\/\/zuttix.com\/sl\/wp-json\/wp\/v2\/pages\/107","targetHints":{"allow":["GET"]}}],"collection":[{"href":"https:\/\/zuttix.com\/sl\/wp-json\/wp\/v2\/pages"}],"about":[{"href":"https:\/\/zuttix.com\/sl\/wp-json\/wp\/v2\/types\/page"}],"author":[{"embeddable":true,"href":"https:\/\/zuttix.com\/sl\/wp-json\/wp\/v2\/users\/1"}],"replies":[{"embeddable":true,"href":"https:\/\/zuttix.com\/sl\/wp-json\/wp\/v2\/comments?post=107"}],"version-history":[{"count":2,"href":"https:\/\/zuttix.com\/sl\/wp-json\/wp\/v2\/pages\/107\/revisions"}],"predecessor-version":[{"id":228,"href":"https:\/\/zuttix.com\/sl\/wp-json\/wp\/v2\/pages\/107\/revisions\/228"}],"wp:attachment":[{"href":"https:\/\/zuttix.com\/sl\/wp-json\/wp\/v2\/media?parent=107"}],"curies":[{"name":"delovni list","href":"https:\/\/api.w.org\/{rel}","templated":true}]}}