{"id":109,"date":"2024-05-31T15:10:10","date_gmt":"2024-05-31T15:10:10","guid":{"rendered":"https:\/\/zuttix.com\/?page_id=109"},"modified":"2024-06-05T23:45:26","modified_gmt":"2024-06-05T23:45:26","slug":"zasady-ochrany-osobnych-udajov","status":"publish","type":"page","link":"https:\/\/zuttix.com\/sk\/politicas-de-privacidade\/","title":{"rendered":"Z\u00e1sady ochrany osobn\u00fdch \u00fadajov"},"content":{"rendered":"<p>Va\u0161e s\u00fakromie je pre n\u00e1s d\u00f4le\u017eit\u00e9. Je to na\u0161a politika. <a href=\"https:\/\/zuttix.com\/sk\/\">Zuttix<\/a> re\u0161pektujeme va\u0161e s\u00fakromie, pokia\u013e ide o ak\u00e9ko\u013evek inform\u00e1cie, ktor\u00e9 od v\u00e1s m\u00f4\u017eeme zhroma\u017e\u010fova\u0165 na webovej str\u00e1nke <a href=\"https:\/\/zuttix.com\/sk\/\">Zuttix<\/a>, a \u010fal\u0161ie webov\u00e9 str\u00e1nky, ktor\u00e9 vlastn\u00edme a prev\u00e1dzkujeme. Osobn\u00e9 \u00fadaje \u017eiadame iba vtedy, ke\u010f ich skuto\u010dne potrebujeme na poskytnutie slu\u017eby. Zhroma\u017e\u010fujeme ich spravodliv\u00fdmi a z\u00e1konn\u00fdmi prostriedkami s va\u0161\u00edm vedom\u00edm a s\u00fahlasom. Taktie\u017e v\u00e1s informujeme, pre\u010do ich zhroma\u017e\u010fujeme a ako bud\u00fa pou\u017eit\u00e9. Zhroma\u017eden\u00e9 inform\u00e1cie uchov\u00e1vame iba tak dlho, ako je potrebn\u00e9 na poskytnutie po\u017eadovanej slu\u017eby. \u00dadaje, ktor\u00e9 uchov\u00e1vame, chr\u00e1nime komer\u010dne prijate\u013en\u00fdmi prostriedkami, aby sme predi\u0161li strate a kr\u00e1de\u017ei, ako aj neopr\u00e1vnen\u00e9mu pr\u00edstupu, zverejneniu, kop\u00edrovaniu, pou\u017eitiu alebo \u00faprave. Osobn\u00e9 \u00fadaje nezdie\u013eame verejne ani s tret\u00edmi stranami, s v\u00fdnimkou pr\u00edpadov, ke\u010f to vy\u017eaduje z\u00e1kon. Na\u0161a webov\u00e1 str\u00e1nka m\u00f4\u017ee obsahova\u0165 odkazy na extern\u00e9 webov\u00e9 str\u00e1nky, ktor\u00e9 neprev\u00e1dzkujeme. Upozor\u0148ujeme, \u017ee nem\u00e1me \u017eiadnu kontrolu nad obsahom a postupmi t\u00fdchto str\u00e1nok a nem\u00f4\u017eeme prevzia\u0165 zodpovednos\u0165 za ich pr\u00edslu\u0161n\u00e9 z\u00e1sady ochrany osobn\u00fdch \u00fadajov. Na\u0161u \u017eiados\u0165 o va\u0161e osobn\u00e9 \u00fadaje m\u00f4\u017eete odmietnu\u0165 s vedom\u00edm, \u017ee v\u00e1m mo\u017eno nebudeme m\u00f4c\u0165 poskytn\u00fa\u0165 niektor\u00e9 slu\u017eby, ktor\u00e9 si \u017eel\u00e1te. Va\u0161e \u010fal\u0161ie pou\u017e\u00edvanie na\u0161ej webovej str\u00e1nky bude pova\u017eovan\u00e9 za s\u00fahlas s na\u0161imi postupmi t\u00fdkaj\u00facimi sa ochrany osobn\u00fdch \u00fadajov a osobn\u00fdch \u00fadajov. Ak m\u00e1te ak\u00e9ko\u013evek ot\u00e1zky t\u00fdkaj\u00face sa toho, ako naklad\u00e1me s pou\u017e\u00edvate\u013esk\u00fdmi \u00fadajmi a osobn\u00fdmi \u00fadajmi, kontaktujte n\u00e1s.<\/p>\n\n\n\n<h3 class=\"wp-block-heading\">Z\u00e1sady pou\u017e\u00edvania s\u00faborov cookie spolo\u010dnosti Zuttix<\/h3>\n\n\n\n<h3 class=\"wp-block-heading\">\u010co s\u00fa s\u00fabory cookie?<\/h3>\n\n\n\n<p>Ako je be\u017enou praxou takmer v\u0161etk\u00fdch profesion\u00e1lnych webov\u00fdch str\u00e1nok, aj t\u00e1to str\u00e1nka pou\u017e\u00edva s\u00fabory cookie, \u010do s\u00fa mal\u00e9 s\u00fabory, ktor\u00e9 sa s\u0165ahuj\u00fa do v\u00e1\u0161ho po\u010d\u00edta\u010da, s cie\u013eom zlep\u0161i\u0165 v\u00e1\u0161 z\u00e1\u017eitok. T\u00e1to str\u00e1nka popisuje, ak\u00e9 inform\u00e1cie zhroma\u017e\u010fuj\u00fa, ako ich pou\u017e\u00edvame a pre\u010do niekedy potrebujeme tieto s\u00fabory cookie uklada\u0165. Taktie\u017e sa podel\u00edme o to, ako m\u00f4\u017eete zabr\u00e1ni\u0165 ukladaniu t\u00fdchto s\u00faborov cookie; to v\u0161ak m\u00f4\u017ee zn\u00ed\u017ei\u0165 alebo \u201enaru\u0161i\u0165\u201c funk\u010dnos\u0165 ur\u010dit\u00fdch prvkov str\u00e1nky.<\/p>\n\n\n\n<h3 class=\"wp-block-heading\">Ako pou\u017e\u00edvame s\u00fabory cookie?<\/h3>\n\n\n\n<p>S\u00fabory cookie pou\u017e\u00edvame z r\u00f4znych d\u00f4vodov, ktor\u00e9 s\u00fa podrobne uveden\u00e9 ni\u017e\u0161ie. Bohu\u017eia\u013e, vo v\u00e4\u010d\u0161ine pr\u00edpadov neexistuj\u00fa \u017eiadne \u0161tandardn\u00e9 mo\u017enosti na zak\u00e1zanie s\u00faborov cookie bez \u00fapln\u00e9ho zak\u00e1zania funkci\u00ed a vlastnost\u00ed, ktor\u00e9 prid\u00e1vaj\u00fa na t\u00fato str\u00e1nku. Odpor\u00fa\u010da sa ponecha\u0165 v\u0161etky s\u00fabory cookie zapnut\u00e9, ak si nie ste ist\u00ed, \u010di ich potrebujete alebo nie, v pr\u00edpade, \u017ee sa pou\u017e\u00edvaj\u00fa na poskytovanie slu\u017eby, ktor\u00fa pou\u017e\u00edvate.<\/p>\n\n\n\n<h3 class=\"wp-block-heading\">Zak\u00e1za\u0165 s\u00fabory cookie<\/h3>\n\n\n\n<p>Ukladaniu s\u00faborov cookie m\u00f4\u017eete zabr\u00e1ni\u0165 \u00fapravou nastaven\u00ed prehliada\u010da (postup n\u00e1jdete v Pomocn\u00edkovi prehliada\u010da). Upozor\u0148ujeme, \u017ee vypnutie s\u00faborov cookie ovplyvn\u00ed funk\u010dnos\u0165 tejto a mnoh\u00fdch \u010fal\u0161\u00edch webov\u00fdch str\u00e1nok, ktor\u00e9 nav\u0161tevujete. Zak\u00e1zanie s\u00faborov cookie zvy\u010dajne vedie k vypnutiu aj ur\u010dit\u00fdch funkci\u00ed a prvkov tejto str\u00e1nky. Preto sa odpor\u00fa\u010da, aby ste s\u00fabory cookie nezakazovali.<\/p>\n\n\n\n<h3 class=\"wp-block-heading\">S\u00fabory cookie, ktor\u00e9 nastavujeme<\/h3>\n\n\n\n<ul class=\"wp-block-list\">\n<li>S\u00fabory cookie s\u00favisiace s \u00fa\u010dtom: Ak si u n\u00e1s vytvor\u00edte \u00fa\u010det, budeme pou\u017e\u00edva\u0165 s\u00fabory cookie na spr\u00e1vu procesu registr\u00e1cie a v\u0161eobecn\u00fa administr\u00e1ciu. Tieto s\u00fabory cookie sa vo v\u0161eobecnosti vyma\u017e\u00fa po odhl\u00e1sen\u00ed; v niektor\u00fdch pr\u00edpadoch v\u0161ak m\u00f4\u017eu zosta\u0165 aj po odhl\u00e1sen\u00ed, aby si zapam\u00e4tali va\u0161e preferencie str\u00e1nky.<\/li>\n\n\n\n<li>S\u00fabory cookie s\u00favisiace s prihl\u00e1sen\u00edm: S\u00fabory cookie pou\u017e\u00edvame, ke\u010f ste prihl\u00e1sen\u00fd, aby sme si t\u00fato skuto\u010dnos\u0165 zapam\u00e4tali. V\u010faka tomu sa nemus\u00edte prihlasova\u0165 pri ka\u017edej n\u00e1v\u0161teve novej str\u00e1nky. Tieto s\u00fabory cookie sa zvy\u010dajne odstr\u00e1nia alebo vyma\u017e\u00fa po odhl\u00e1sen\u00ed, aby ste mali pr\u00edstup iba k obmedzen\u00fdm funkci\u00e1m a oblastiam po prihl\u00e1sen\u00ed.<\/li>\n\n\n\n<li>S\u00fabory cookie s\u00favisiace s e-mailov\u00fdmi newslettermi T\u00e1to str\u00e1nka pon\u00faka slu\u017eby prihl\u00e1senia sa na odber newsletterov alebo e-mailov a s\u00fabory cookie sa m\u00f4\u017eu pou\u017e\u00edva\u0165 na zapam\u00e4tanie si, \u010di ste u\u017e zaregistrovan\u00ed a \u010di sa maj\u00fa zobrazova\u0165 ur\u010dit\u00e9 upozornenia, ktor\u00e9 m\u00f4\u017eu by\u0165 platn\u00e9 iba pre prihl\u00e1sen\u00fdch\/neprihl\u00e1sen\u00fdch pou\u017e\u00edvate\u013eov.<\/li>\n\n\n\n<li>S\u00fabory cookie s\u00favisiace so spracovan\u00edm objedn\u00e1vok T\u00e1to str\u00e1nka pon\u00faka mo\u017enosti elektronick\u00e9ho obchodu alebo platieb a niektor\u00e9 s\u00fabory cookie s\u00fa nevyhnutn\u00e9 na zabezpe\u010denie toho, aby sa va\u0161a objedn\u00e1vka medzi str\u00e1nkami zapam\u00e4tala, aby sme ju mohli spr\u00e1vne spracova\u0165.<\/li>\n\n\n\n<li>S\u00fabory cookie s\u00favisiace s prieskumami: Pravidelne pon\u00fakame prieskumy a dotazn\u00edky, aby sme v\u00e1m poskytli zauj\u00edmav\u00e9 inform\u00e1cie, u\u017eito\u010dn\u00e9 n\u00e1stroje alebo aby sme presnej\u0161ie pochopili na\u0161u pou\u017e\u00edvate\u013esk\u00fa z\u00e1klad\u0148u. Tieto prieskumy m\u00f4\u017eu pou\u017e\u00edva\u0165 s\u00fabory cookie na zapam\u00e4tanie si, kto sa u\u017e prieskumu z\u00fa\u010dastnil, alebo na poskytnutie presn\u00fdch v\u00fdsledkov po zmene str\u00e1nok.<\/li>\n\n\n\n<li>S\u00fabory cookie s\u00favisiace s formul\u00e1rmi Ke\u010f odosielate \u00fadaje prostredn\u00edctvom formul\u00e1ra, ako s\u00fa tie, ktor\u00e9 sa nach\u00e1dzaj\u00fa na kontaktn\u00fdch str\u00e1nkach alebo vo formul\u00e1roch na koment\u00e1re, s\u00fabory cookie m\u00f4\u017eu by\u0165 nastaven\u00e9 tak, aby si zapam\u00e4tali va\u0161e pou\u017e\u00edvate\u013esk\u00e9 \u00fadaje pre bud\u00facu kore\u0161pondenciu.<\/li>\n\n\n\n<li>S\u00fabory cookie preferenci\u00ed webov\u00fdch str\u00e1nok: Aby sme v\u00e1m poskytli skvel\u00fd z\u00e1\u017eitok z pou\u017e\u00edvania tejto str\u00e1nky, poskytujeme v\u00e1m funkciu na nastavenie va\u0161ich preferenci\u00ed t\u00fdkaj\u00facich sa fungovania tejto str\u00e1nky pri jej pou\u017e\u00edvan\u00ed. Aby sme si zapam\u00e4tali va\u0161e preferencie, mus\u00edme nastavi\u0165 s\u00fabory cookie, aby sa tieto inform\u00e1cie mohli vyvola\u0165 v\u017edy, ke\u010f interagujete so str\u00e1nkou, ktor\u00e1 je ovplyvnen\u00e1 va\u0161imi preferenciami.<\/li>\n<\/ul>\n\n\n\n<h3 class=\"wp-block-heading\">S\u00fabory cookie tret\u00edch str\u00e1n<\/h3>\n\n\n\n<p>V niektor\u00fdch \u0161peci\u00e1lnych pr\u00edpadoch pou\u017e\u00edvame aj s\u00fabory cookie poskytovan\u00e9 d\u00f4veryhodn\u00fdmi tret\u00edmi stranami. Nasleduj\u00faca \u010das\u0165 podrobne popisuje, s ktor\u00fdmi s\u00fabormi cookie tret\u00edch str\u00e1n sa m\u00f4\u017eete stretn\u00fa\u0165 prostredn\u00edctvom tejto webovej str\u00e1nky.<\/p>\n\n\n\n<ul class=\"wp-block-list\">\n<li>T\u00e1to webov\u00e1 str\u00e1nka pou\u017e\u00edva Google Analytics, jedno z najroz\u0161\u00edrenej\u0161\u00edch a najd\u00f4veryhodnej\u0161\u00edch analytick\u00fdch rie\u0161en\u00ed na webe, ktor\u00e9 n\u00e1m pom\u00e1ha pochopi\u0165, ako str\u00e1nku pou\u017e\u00edvate a ako m\u00f4\u017eeme zlep\u0161i\u0165 v\u00e1\u0161 z\u00e1\u017eitok. Tieto s\u00fabory cookie m\u00f4\u017eu sledova\u0165 napr\u00edklad \u010das, ktor\u00fd str\u00e1vite na str\u00e1nke, a str\u00e1nky, ktor\u00e9 nav\u0161tevujete, aby sme v\u00e1m mohli na\u010falej poskytova\u0165 p\u00fatav\u00fd obsah.<\/li>\n<\/ul>\n\n\n\n<p>Viac inform\u00e1ci\u00ed o s\u00faboroch cookie slu\u017eby Google Analytics n\u00e1jdete na ofici\u00e1lnej str\u00e1nke slu\u017eby Google Analytics.<\/p>\n\n\n\n<ul class=\"wp-block-list\">\n<li>Na sledovanie a meranie pou\u017e\u00edvania tejto str\u00e1nky sa pou\u017e\u00edvaj\u00fa analytick\u00e9 n\u00e1stroje tret\u00edch str\u00e1n, aby sme mohli na\u010falej vytv\u00e1ra\u0165 p\u00fatav\u00fd obsah. Tieto s\u00fabory cookie m\u00f4\u017eu sledova\u0165 napr\u00edklad \u010das, ktor\u00fd str\u00e1vite na str\u00e1nke, alebo str\u00e1nky, ktor\u00e9 nav\u0161t\u00edvite, \u010do n\u00e1m pom\u00e1ha pochopi\u0165, ako m\u00f4\u017eeme str\u00e1nku pre v\u00e1s vylep\u0161i\u0165.<\/li>\n\n\n\n<li>Pravidelne testujeme nov\u00e9 funkcie a vykon\u00e1vame jemn\u00e9 zmeny v sp\u00f4sobe, ak\u00fdm je str\u00e1nka poskytovan\u00e1. Po\u010das testovania nov\u00fdch funkci\u00ed sa tieto s\u00fabory cookie m\u00f4\u017eu pou\u017e\u00edva\u0165 na zabezpe\u010denie konzistentn\u00e9ho z\u00e1\u017eitku na str\u00e1nke a z\u00e1rove\u0148 na to, aby sme pochopili, ktor\u00e9 optimaliz\u00e1cie si na\u0161i pou\u017e\u00edvatelia najviac cenia.<\/li>\n\n\n\n<li>Ke\u010f\u017ee pred\u00e1vame produkty, je pre n\u00e1s d\u00f4le\u017eit\u00e9 rozumie\u0165 \u0161tatistik\u00e1m o tom, ko\u013eko n\u00e1v\u0161tevn\u00edkov na\u0161ich str\u00e1nok skuto\u010dne uskuto\u010dn\u00ed n\u00e1kup, a preto s\u00fa to \u00fadaje, ktor\u00e9 tieto s\u00fabory cookie bud\u00fa sledova\u0165. To je pre v\u00e1s d\u00f4le\u017eit\u00e9, preto\u017ee n\u00e1m to umo\u017e\u0148uje robi\u0165 presn\u00e9 obchodn\u00e9 predpovede, ktor\u00e9 n\u00e1m umo\u017e\u0148uj\u00fa monitorova\u0165 na\u0161e n\u00e1klady na reklamu a produkty s cie\u013eom zabezpe\u010di\u0165 najlep\u0161iu mo\u017en\u00fa cenu.<\/li>\n\n\n\n<li>Slu\u017eba Google AdSense, ktor\u00fa pou\u017e\u00edvame na zobrazovanie rekl\u00e1m, pou\u017e\u00edva s\u00fabor cookie DoubleClick na zobrazovanie relevantnej\u0161\u00edch rekl\u00e1m na webe a obmedzenie po\u010dtu zobrazen\u00ed danej reklamy. Viac inform\u00e1ci\u00ed o slu\u017ebe Google AdSense n\u00e1jdete v ofici\u00e1lnych \u010casto kladen\u00fdch ot\u00e1zkach o ochrane osobn\u00fdch \u00fadajov slu\u017eby Google AdSense.<\/li>\n\n\n\n<li>Reklamu pou\u017e\u00edvame na pokrytie n\u00e1kladov na prev\u00e1dzku tejto webovej str\u00e1nky a na zabezpe\u010denie financovania bud\u00faceho rozvoja. S\u00fabory cookie pre behavior\u00e1lnu reklamu pou\u017e\u00edvan\u00e9 touto webovou str\u00e1nkou s\u00fa navrhnut\u00e9 tak, aby sme v\u00e1m poskytovali \u010do najrelevantnej\u0161iu reklamu anonymn\u00fdm sledovan\u00edm va\u0161ich z\u00e1ujmov a prezentovan\u00edm podobn\u00e9ho obsahu, ktor\u00fd by v\u00e1s mohol zauj\u00edma\u0165.<\/li>\n\n\n\n<li>Nieko\u013eko partnerov inzeruje v na\u0161om mene a s\u00fabory cookie na sledovanie partnersk\u00fdch programov n\u00e1m jednoducho umo\u017e\u0148uj\u00fa zisti\u0165, \u010di na\u0161i z\u00e1kazn\u00edci pri\u0161li na str\u00e1nku prostredn\u00edctvom jednej z na\u0161ich partnersk\u00fdch str\u00e1nok, aby sme im mohli primerane prip\u00edsa\u0165 kredit a v pr\u00edpade potreby umo\u017eni\u0165 na\u0161im partnersk\u00fdm programom poskytn\u00fa\u0165 v\u00e1m ak\u00fako\u013evek motiv\u00e1ciu, ktor\u00fa v\u00e1m m\u00f4\u017eu poskytn\u00fa\u0165 za uskuto\u010dnenie n\u00e1kupu.<\/li>\n<\/ul>\n\n\n\n<h3 class=\"wp-block-heading\">Z\u00e1v\u00e4zok pou\u017e\u00edvate\u013ea<\/h3>\n\n\n\n<p>Pou\u017e\u00edvate\u013e sa zav\u00e4zuje, \u017ee bude obsah a inform\u00e1cie, ktor\u00e9 spolo\u010dnos\u0165 Zuttix pon\u00faka na webovej str\u00e1nke, pou\u017e\u00edva\u0165 vhodn\u00fdm sp\u00f4sobom, a to napr\u00edklad, ale nie v\u00fdlu\u010dne:<\/p>\n\n\n\n<ul class=\"wp-block-list\">\n<li>A) Nezap\u00e1ja\u0165 sa do \u010dinnost\u00ed, ktor\u00e9 s\u00fa nez\u00e1konn\u00e9 alebo s\u00fa v rozpore s dobrou vierou a verejn\u00fdm poriadkom;<\/li>\n\n\n\n<li>B) Ne\u0161\u00edrte propagandu ani obsah rasistickej, xenof\u00f3bnej alebo ne\u0161\u0165astnej povahy, ak\u00fdko\u013evek druh neleg\u00e1lnej pornografie, obsah na podporu terorizmu alebo proti \u013eudsk\u00fdm pr\u00e1vam;<\/li>\n\n\n\n<li>C) Nesp\u00f4sobova\u0165 \u0161kody fyzick\u00fdm (hardv\u00e9rov\u00fdm) a logick\u00fdm (softv\u00e9rov\u00fdm) syst\u00e9mom spolo\u010dnosti Zuttix, jej dod\u00e1vate\u013eov alebo tret\u00edch str\u00e1n, zav\u00e1dza\u0165 alebo \u0161\u00edri\u0165 po\u010d\u00edta\u010dov\u00e9 v\u00edrusy alebo ak\u00e9ko\u013evek in\u00e9 hardv\u00e9rov\u00e9 alebo softv\u00e9rov\u00e9 syst\u00e9my, ktor\u00e9 s\u00fa schopn\u00e9 sp\u00f4sobi\u0165 vy\u0161\u0161ie uveden\u00e9 \u0161kody.<\/li>\n<\/ul>\n\n\n\n<h3 class=\"wp-block-heading\">Viac inform\u00e1ci\u00ed<\/h3>\n\n\n\n<p>D\u00fafame, \u017ee v\u00e1m to veci objasnilo, a ako u\u017e bolo spomenut\u00e9, ak si nie ste ist\u00ed, \u010di nie\u010do potrebujete alebo nie, je zvy\u010dajne bezpe\u010dnej\u0161ie ponecha\u0165 s\u00fabory cookie povolen\u00e9 pre pr\u00edpad, \u017ee by to interagovalo s niektorou z funkci\u00ed, ktor\u00e9 pou\u017e\u00edvate na na\u0161ej str\u00e1nke. Tieto z\u00e1sady s\u00fa \u00fa\u010dinn\u00e9 od <strong>janu\u00e1r<\/strong>\/<strong>2022<\/strong>.<\/p>","protected":false},"excerpt":{"rendered":"<p>A sua privacidade \u00e9 importante para n\u00f3s. \u00c9 pol\u00edtica do Zuttix respeitar a sua privacidade em rela\u00e7\u00e3o a qualquer informa\u00e7\u00e3o sua que possamos coletar no site Zuttix, e outros sites que possu\u00edmos e operamos. Solicitamos informa\u00e7\u00f5es pessoais apenas quando realmente precisamos delas para lhe fornecer um servi\u00e7o. Fazemo-lo por meios justos e legais, com o [&hellip;]<\/p>\n","protected":false},"author":1,"featured_media":0,"parent":0,"menu_order":0,"comment_status":"closed","ping_status":"closed","template":"","meta":{"footnotes":""},"class_list":["post-109","page","type-page","status-publish"],"_links":{"self":[{"href":"https:\/\/zuttix.com\/sk\/wp-json\/wp\/v2\/pages\/109","targetHints":{"allow":["GET"]}}],"collection":[{"href":"https:\/\/zuttix.com\/sk\/wp-json\/wp\/v2\/pages"}],"about":[{"href":"https:\/\/zuttix.com\/sk\/wp-json\/wp\/v2\/types\/page"}],"author":[{"embeddable":true,"href":"https:\/\/zuttix.com\/sk\/wp-json\/wp\/v2\/users\/1"}],"replies":[{"embeddable":true,"href":"https:\/\/zuttix.com\/sk\/wp-json\/wp\/v2\/comments?post=109"}],"version-history":[{"count":4,"href":"https:\/\/zuttix.com\/sk\/wp-json\/wp\/v2\/pages\/109\/revisions"}],"predecessor-version":[{"id":226,"href":"https:\/\/zuttix.com\/sk\/wp-json\/wp\/v2\/pages\/109\/revisions\/226"}],"wp:attachment":[{"href":"https:\/\/zuttix.com\/sk\/wp-json\/wp\/v2\/media?parent=109"}],"curies":[{"name":"pracovn\u00fd list","href":"https:\/\/api.w.org\/{rel}","templated":true}]}}