{"id":109,"date":"2024-05-31T15:10:10","date_gmt":"2024-05-31T15:10:10","guid":{"rendered":"https:\/\/zuttix.com\/?page_id=109"},"modified":"2024-06-05T23:45:26","modified_gmt":"2024-06-05T23:45:26","slug":"politiche-sulla-privacy","status":"publish","type":"page","link":"https:\/\/zuttix.com\/it\/politicas-de-privacidade\/","title":{"rendered":"Politiche sulla privacy"},"content":{"rendered":"<p>La tua privacy \u00e8 importante per noi. \u00c8 la nostra politica <a href=\"https:\/\/zuttix.com\/it\/\">Zuttix<\/a> rispettiamo la tua privacy riguardo a qualsiasi informazione che potremmo raccogliere da te sul sito web <a href=\"https:\/\/zuttix.com\/it\/\">Zuttix<\/a>e altri siti web di nostra propriet\u00e0 e gestione. Richiediamo informazioni personali solo quando ne abbiamo realmente bisogno per fornire un servizio. Le raccogliamo con mezzi equi e leciti, con la tua conoscenza e il tuo consenso. Ti informiamo inoltre sul motivo per cui le raccogliamo e su come verranno utilizzate. Conserviamo le informazioni raccolte solo per il tempo necessario a fornire il servizio richiesto. I dati che conserviamo vengono protetti con mezzi commercialmente accettabili per prevenirne la perdita e il furto, nonch\u00e9 l&#039;accesso, la divulgazione, la copia, l&#039;uso o la modifica non autorizzati. Non condividiamo informazioni personali identificabili pubblicamente o con terze parti, salvo quando richiesto dalla legge. Il nostro sito web potrebbe contenere link a siti web esterni non gestiti da noi. Ti preghiamo di notare che non abbiamo alcun controllo sul contenuto e sulle pratiche di questi siti e non possiamo assumerci la responsabilit\u00e0 delle rispettive informative sulla privacy. Sei libero di rifiutare la nostra richiesta di informazioni personali, con la consapevolezza che potremmo non essere in grado di fornirti alcuni dei servizi che desideri. L&#039;utilizzo continuato del nostro sito web sar\u00e0 considerato come accettazione delle nostre pratiche in materia di privacy e informazioni personali. Se hai domande su come gestiamo i dati degli utenti e le informazioni personali, contattaci.<\/p>\n\n\n\n<h3 class=\"wp-block-heading\">Informativa sui cookie di Zuttix<\/h3>\n\n\n\n<h3 class=\"wp-block-heading\">Cosa sono i cookie?<\/h3>\n\n\n\n<p>Come prassi comune per quasi tutti i siti web professionali, questo sito utilizza i cookie, piccoli file che vengono scaricati sul tuo computer, per migliorare la tua esperienza. Questa pagina descrive quali informazioni raccolgono, come le utilizziamo e perch\u00e9 a volte abbiamo bisogno di memorizzare questi cookie. Ti spiegheremo anche come puoi impedire che questi cookie vengano memorizzati; tuttavia, ci\u00f2 potrebbe ridurre o &quot;interrompere&quot; alcune funzionalit\u00e0 del sito.<\/p>\n\n\n\n<h3 class=\"wp-block-heading\">Come utilizziamo i cookie?<\/h3>\n\n\n\n<p>Utilizziamo i cookie per una serie di motivi, descritti di seguito. Purtroppo, nella maggior parte dei casi, non esistono opzioni standard di settore per disabilitare i cookie senza disattivare completamente le funzionalit\u00e0 e le caratteristiche che aggiungono a questo sito. Si consiglia di lasciare attivi tutti i cookie se non si \u00e8 sicuri di averne bisogno o meno, nel caso in cui vengano utilizzati per fornire un servizio di cui si usufruisce.<\/p>\n\n\n\n<h3 class=\"wp-block-heading\">Disabilitare i cookie<\/h3>\n\n\n\n<p>\u00c8 possibile impedire l&#039;impostazione dei cookie modificando le impostazioni del browser (consultare la Guida del browser per informazioni su come procedere). Si tenga presente che la disattivazione dei cookie influir\u00e0 sulla funzionalit\u00e0 di questo e di molti altri siti web visitati. La disattivazione dei cookie comporta solitamente anche la disattivazione di alcune funzionalit\u00e0 e caratteristiche di questo sito. Pertanto, si consiglia di non disattivare i cookie.<\/p>\n\n\n\n<h3 class=\"wp-block-heading\">Cookie che impostiamo<\/h3>\n\n\n\n<ul class=\"wp-block-list\">\n<li>Cookie relativi all&#039;account: se crei un account con noi, utilizzeremo i cookie per la gestione del processo di registrazione e per l&#039;amministrazione generale. Questi cookie vengono generalmente eliminati al momento del logout; tuttavia, in alcuni casi potrebbero rimanere memorizzati per ricordare le tue preferenze del sito dopo il logout.<\/li>\n\n\n\n<li>Cookie relativi all&#039;accesso: utilizziamo i cookie quando hai effettuato l&#039;accesso in modo da poterlo ricordare. Questo ti evita di dover effettuare l&#039;accesso ogni volta che visiti una nuova pagina. Questi cookie vengono in genere rimossi o cancellati quando effettui il logout, per garantire che tu possa accedere alle funzionalit\u00e0 e alle aree riservate solo dopo aver effettuato l&#039;accesso.<\/li>\n\n\n\n<li>Cookie relativi alle newsletter via e-mail Questo sito offre servizi di newsletter o di abbonamento via e-mail e i cookie potrebbero essere utilizzati per ricordare se sei gi\u00e0 registrato e se mostrare determinate notifiche che potrebbero essere valide solo per gli utenti iscritti\/non iscritti.<\/li>\n\n\n\n<li>Cookie relativi all&#039;elaborazione degli ordini Questo sito offre servizi di e-commerce o di pagamento e alcuni cookie sono essenziali per garantire che il tuo ordine venga ricordato tra le pagine in modo da poterlo elaborare correttamente.<\/li>\n\n\n\n<li>Cookie relativi ai sondaggi: periodicamente proponiamo sondaggi e questionari per fornirti spunti interessanti, strumenti utili o per comprendere meglio la nostra base utenti. Questi sondaggi potrebbero utilizzare cookie per ricordare chi ha gi\u00e0 partecipato a un sondaggio o per fornirti risultati accurati dopo aver cambiato pagina.<\/li>\n\n\n\n<li>Cookie relativi ai moduli Quando invii dati tramite un modulo come quelli presenti nelle pagine di contatto o nei moduli di commento, i cookie potrebbero essere impostati per ricordare i tuoi dati utente per la corrispondenza futura.<\/li>\n\n\n\n<li>Cookie di preferenza del sito web: per offrirti un&#039;esperienza ottimale su questo sito, ti offriamo la possibilit\u00e0 di impostare le tue preferenze di funzionamento quando lo utilizzi. Per ricordare le tue preferenze, dobbiamo impostare i cookie in modo che queste informazioni possano essere richiamate ogni volta che interagisci con una pagina che \u00e8 influenzata dalle tue preferenze.<\/li>\n<\/ul>\n\n\n\n<h3 class=\"wp-block-heading\">Cookie di terze parti<\/h3>\n\n\n\n<p>In alcuni casi particolari, utilizziamo anche cookie forniti da terze parti fidate. La sezione seguente descrive in dettaglio quali cookie di terze parti potresti incontrare su questo sito web.<\/p>\n\n\n\n<ul class=\"wp-block-list\">\n<li>Questo sito web utilizza Google Analytics, una delle soluzioni di analisi pi\u00f9 diffuse e affidabili sul web, per aiutarci a capire come utilizzi il sito e come possiamo migliorare la tua esperienza. Questi cookie possono tracciare dati come il tempo che trascorri sul sito e le pagine che visiti, in modo da poter continuare a produrre contenuti coinvolgenti.<\/li>\n<\/ul>\n\n\n\n<p>Per maggiori informazioni sui cookie di Google Analytics, consultare la pagina ufficiale di Google Analytics.<\/p>\n\n\n\n<ul class=\"wp-block-list\">\n<li>Utilizziamo analisi di terze parti per monitorare e misurare l&#039;utilizzo di questo sito, in modo da poter continuare a produrre contenuti accattivanti. Questi cookie possono tracciare dati come il tempo trascorso sul sito o le pagine visitate, aiutandoci a capire come possiamo migliorare il sito per te.<\/li>\n\n\n\n<li>Testiamo periodicamente nuove funzionalit\u00e0 e apportiamo piccole modifiche al modo in cui il sito viene erogato. Quando stiamo ancora testando nuove funzionalit\u00e0, questi cookie potrebbero essere utilizzati per garantire un&#039;esperienza coerente durante la navigazione sul sito, mentre comprendiamo quali ottimizzazioni i nostri utenti apprezzano di pi\u00f9.<\/li>\n\n\n\n<li>Poich\u00e9 vendiamo prodotti, \u00e8 importante per noi comprendere le statistiche su quanti visitatori del nostro sito effettuano effettivamente un acquisto e, pertanto, questo \u00e8 il tipo di dati che questi cookie tracceranno. Questo \u00e8 importante per te, perch\u00e9 ci consente di fare previsioni commerciali accurate che ci consentono di monitorare i costi pubblicitari e dei prodotti per garantire il miglior prezzo possibile.<\/li>\n\n\n\n<li>Il servizio Google AdSense che utilizziamo per pubblicare annunci pubblicitari utilizza un cookie DoubleClick per pubblicare annunci pi\u00f9 pertinenti sul Web e limitare il numero di volte in cui un determinato annuncio ti viene mostrato. Per ulteriori informazioni su Google AdSense, consulta le FAQ ufficiali sulla privacy di Google AdSense.<\/li>\n\n\n\n<li>Utilizziamo la pubblicit\u00e0 per compensare i costi di gestione di questo sito web e per finanziare lo sviluppo futuro. I cookie di pubblicit\u00e0 comportamentale utilizzati da questo sito web sono progettati per garantire che ti forniamo la pubblicit\u00e0 pi\u00f9 pertinente possibile, monitorando in forma anonima i tuoi interessi e presentando contenuti simili che potrebbero interessarti.<\/li>\n\n\n\n<li>Diversi partner pubblicizzano per nostro conto e i cookie di tracciamento degli affiliati ci consentono semplicemente di verificare se i nostri clienti sono arrivati sul sito tramite uno dei nostri siti partner, in modo da poterli accreditare in modo appropriato e, ove applicabile, consentire ai nostri partner affiliati di fornire qualsiasi incentivo possano offrirti per aver effettuato un acquisto.<\/li>\n<\/ul>\n\n\n\n<h3 class=\"wp-block-heading\">Impegno dell&#039;utente<\/h3>\n\n\n\n<p>L&#039;utente si impegna a fare un uso appropriato dei contenuti e delle informazioni che Zuttix offre sul sito web e, a titolo esemplificativo ma non esaustivo:<\/p>\n\n\n\n<ul class=\"wp-block-list\">\n<li>A) Non intraprendere attivit\u00e0 illegali o contrarie alla buona fede e all&#039;ordine pubblico;<\/li>\n\n\n\n<li>B) Non diffondere propaganda o contenuti di natura razzista, xenofoba o sfortunata, qualsiasi tipo di pornografia illegale, a sostegno del terrorismo o contro i diritti umani;<\/li>\n\n\n\n<li>C) Non danneggiare i sistemi fisici (hardware) e logici (software) di Zuttix, dei suoi fornitori o di terzi, n\u00e9 introdurre o diffondere virus informatici o altri sistemi hardware o software in grado di causare i suddetti danni.<\/li>\n<\/ul>\n\n\n\n<h3 class=\"wp-block-heading\">Ulteriori informazioni<\/h3>\n\n\n\n<p>Ci auguriamo che questo ti abbia chiarito le idee e, come detto in precedenza, se c&#039;\u00e8 qualcosa di cui non sei sicuro di aver bisogno o meno, di solito \u00e8 pi\u00f9 sicuro lasciare i cookie abilitati nel caso in cui interagiscano con una delle funzionalit\u00e0 che utilizzi sul nostro sito. Questa politica \u00e8 in vigore a partire da <strong>Gennaio<\/strong>\/<strong>2022<\/strong>.<\/p>","protected":false},"excerpt":{"rendered":"<p>A sua privacidade \u00e9 importante para n\u00f3s. \u00c9 pol\u00edtica do Zuttix respeitar a sua privacidade em rela\u00e7\u00e3o a qualquer informa\u00e7\u00e3o sua que possamos coletar no site Zuttix, e outros sites que possu\u00edmos e operamos. Solicitamos informa\u00e7\u00f5es pessoais apenas quando realmente precisamos delas para lhe fornecer um servi\u00e7o. Fazemo-lo por meios justos e legais, com o [&hellip;]<\/p>\n","protected":false},"author":1,"featured_media":0,"parent":0,"menu_order":0,"comment_status":"closed","ping_status":"closed","template":"","meta":{"footnotes":""},"class_list":["post-109","page","type-page","status-publish"],"_links":{"self":[{"href":"https:\/\/zuttix.com\/it\/wp-json\/wp\/v2\/pages\/109","targetHints":{"allow":["GET"]}}],"collection":[{"href":"https:\/\/zuttix.com\/it\/wp-json\/wp\/v2\/pages"}],"about":[{"href":"https:\/\/zuttix.com\/it\/wp-json\/wp\/v2\/types\/page"}],"author":[{"embeddable":true,"href":"https:\/\/zuttix.com\/it\/wp-json\/wp\/v2\/users\/1"}],"replies":[{"embeddable":true,"href":"https:\/\/zuttix.com\/it\/wp-json\/wp\/v2\/comments?post=109"}],"version-history":[{"count":4,"href":"https:\/\/zuttix.com\/it\/wp-json\/wp\/v2\/pages\/109\/revisions"}],"predecessor-version":[{"id":226,"href":"https:\/\/zuttix.com\/it\/wp-json\/wp\/v2\/pages\/109\/revisions\/226"}],"wp:attachment":[{"href":"https:\/\/zuttix.com\/it\/wp-json\/wp\/v2\/media?parent=109"}],"curies":[{"name":"parola chiave","href":"https:\/\/api.w.org\/{rel}","templated":true}]}}