{"id":107,"date":"2024-05-31T15:09:54","date_gmt":"2024-05-31T15:09:54","guid":{"rendered":"https:\/\/zuttix.com\/?page_id=107"},"modified":"2024-06-05T23:48:08","modified_gmt":"2024-06-05T23:48:08","slug":"termini-di-utilizzo","status":"publish","type":"page","link":"https:\/\/zuttix.com\/it\/termos-de-uso\/","title":{"rendered":"Termini di utilizzo"},"content":{"rendered":"<h3 class=\"wp-block-heading\" id=\"1-termos\">1. Termini<\/h3>\n\n\n\n<p>Quando si accede al sito web <a href=\"https:\/\/zuttix.com\/it\/\">Zuttix<\/a>, accetti di rispettare i presenti termini di servizio, tutte le leggi e i regolamenti applicabili e accetti di essere responsabile del rispetto di tutte le leggi locali applicabili. Se non accetti uno qualsiasi di questi termini, ti \u00e8 vietato utilizzare o accedere a questo sito. I materiali contenuti in questo sito web sono protetti dalle leggi vigenti in materia di copyright e marchi.<\/p>\n\n\n\n<h3 class=\"wp-block-heading\" id=\"2-uso-de-licenca\">2. Utilizzare la licenza<\/h3>\n\n\n\n<p>\u00c8 concesso il permesso di scaricare temporaneamente una copia dei materiali (informazioni o software) presenti sul sito web di Zuttix esclusivamente per una visualizzazione transitoria personale e non commerciale. Questa \u00e8 la concessione di una licenza, non un trasferimento di titolo, e in base a questa licenza non puoi:\u00a0<\/p>\n\n\n\n<ol class=\"wp-block-list\">\n<li>modificare o copiare i materiali;\u00a0<\/li>\n\n\n\n<li>utilizzare i materiali per qualsiasi scopo commerciale o per qualsiasi esposizione pubblica (commerciale o non commerciale);\u00a0<\/li>\n\n\n\n<li>tentare di decompilare o sottoporre a reverse engineering qualsiasi software contenuto nel sito web Zuttix;\u00a0<\/li>\n\n\n\n<li>rimuovere qualsiasi copyright o altre annotazioni proprietarie dai materiali; O\u00a0<\/li>\n\n\n\n<li>trasferire i materiali a un&#039;altra persona o &#039;rispecchiare&#039; i materiali su un altro server.<\/li>\n<\/ol>\n\n\n\n<p>La presente licenza cesser\u00e0 automaticamente in caso di violazione di una qualsiasi di queste restrizioni e potr\u00e0 essere revocata da Zuttix in qualsiasi momento. Al termine della visualizzazione di questi materiali o alla scadenza della presente licenza, dovrai distruggere tutti i materiali scaricati in tuo possesso, sia in formato elettronico che cartaceo.<\/p>\n\n\n\n<h3 class=\"wp-block-heading\" id=\"3-isencao-de-responsabilidade\">3. Esclusione di responsabilit\u00e0<\/h3>\n\n\n\n<ol class=\"wp-block-list\">\n<li>I materiali presenti sul sito web di Zuttix vengono forniti &quot;cos\u00ec come sono&quot;. Zuttix non fornisce alcuna garanzia, espressa o implicita, e con la presente nega e rifiuta tutte le altre garanzie, incluse, senza limitazioni, le garanzie o condizioni implicite di commerciabilit\u00e0, idoneit\u00e0 per uno scopo particolare o non violazione della propriet\u00e0 intellettuale o altra violazione dei diritti.<\/li>\n\n\n\n<li>Inoltre, Zuttix non garantisce n\u00e9 rilascia dichiarazioni in merito all&#039;accuratezza, ai probabili risultati o all&#039;affidabilit\u00e0 dell&#039;uso dei materiali presenti sul suo sito web o altrimenti correlati a tali materiali o su qualsiasi sito collegato a questo sito.<\/li>\n<\/ol>\n\n\n\n<h3 class=\"wp-block-heading\" id=\"4-limitacoes\">4. Limitazioni<\/h3>\n\n\n\n<p>In nessun caso Zuttix o i suoi fornitori saranno ritenuti responsabili per eventuali danni (inclusi, senza limitazioni, danni per perdita di dati o profitti, o dovuti a interruzione dell&#039;attivit\u00e0) derivanti dall&#039;uso o dall&#039;impossibilit\u00e0 di utilizzare i materiali su Zuttix, anche se Zuttix o un rappresentante autorizzato di Zuttix \u00e8 stato informato oralmente o per iscritto della possibilit\u00e0 di tali danni. Poich\u00e9 alcune giurisdizioni non consentono limitazioni sulle garanzie implicite o limitazioni di responsabilit\u00e0 per danni consequenziali o incidentali, tali limitazioni potrebbero non essere applicabili al tuo caso.<\/p>\n\n\n\n<h3 class=\"wp-block-heading\" id=\"5-precisao-dos-materiais\">5. Precisione dei materiali<\/h3>\n\n\n\n<p>I materiali visualizzati sul sito web Zuttix potrebbero contenere errori tecnici, tipografici o fotografici. Zuttix non garantisce che il materiale presente sul suo sito web sia accurato, completo o aggiornato. Zuttix pu\u00f2 apportare modifiche ai materiali contenuti nel suo sito web in qualsiasi momento e senza preavviso. Tuttavia, Zuttix non si impegna ad aggiornare i materiali.<\/p>\n\n\n\n<h3 class=\"wp-block-heading\" id=\"6-links\">6. Collegamenti<\/h3>\n\n\n\n<p>Zuttix non ha esaminato tutti i siti collegati al proprio sito web e non \u00e8 responsabile del contenuto di nessuno di tali siti collegati. L&#039;inclusione di qualsiasi collegamento non implica l&#039;approvazione del sito da parte di Zuttix. L&#039;utilizzo di qualsiasi sito web collegato avviene a rischio e pericolo dell&#039;utente.<\/p>\n\n\n\n<h3 class=\"wp-block-heading\" id=\"modificacoes\">Modifiche<\/h3>\n\n\n\n<p>Zuttix pu\u00f2 modificare i presenti termini di servizio per il proprio sito web in qualsiasi momento e senza preavviso. Utilizzando questo sito web accetti di essere vincolato dalla versione vigente di questi termini di servizio.<\/p>\n\n\n\n<h3 class=\"wp-block-heading\" id=\"lei-aplicavel\">Legge applicabile<\/h3>\n\n\n\n<p>I presenti termini e condizioni sono disciplinati e interpretati in conformit\u00e0 alle leggi di Zuttix e l&#039;utente si sottopone irrevocabilmente alla giurisdizione esclusiva dei tribunali di tale Stato o localit\u00e0.<\/p>","protected":false},"excerpt":{"rendered":"<p>1. Termos Ao acessar ao site Zuttix, concorda em cumprir estes termos de servi\u00e7o, todas as leis e regulamentos aplic\u00e1veis \u200b\u200be concorda que \u00e9 respons\u00e1vel pelo cumprimento de todas as leis locais aplic\u00e1veis. Se voc\u00ea n\u00e3o concordar com algum desses termos, est\u00e1 proibido de usar ou acessar este site. Os materiais contidos neste site s\u00e3o [&hellip;]<\/p>\n","protected":false},"author":1,"featured_media":0,"parent":0,"menu_order":0,"comment_status":"closed","ping_status":"closed","template":"","meta":{"footnotes":""},"class_list":["post-107","page","type-page","status-publish"],"_links":{"self":[{"href":"https:\/\/zuttix.com\/it\/wp-json\/wp\/v2\/pages\/107","targetHints":{"allow":["GET"]}}],"collection":[{"href":"https:\/\/zuttix.com\/it\/wp-json\/wp\/v2\/pages"}],"about":[{"href":"https:\/\/zuttix.com\/it\/wp-json\/wp\/v2\/types\/page"}],"author":[{"embeddable":true,"href":"https:\/\/zuttix.com\/it\/wp-json\/wp\/v2\/users\/1"}],"replies":[{"embeddable":true,"href":"https:\/\/zuttix.com\/it\/wp-json\/wp\/v2\/comments?post=107"}],"version-history":[{"count":2,"href":"https:\/\/zuttix.com\/it\/wp-json\/wp\/v2\/pages\/107\/revisions"}],"predecessor-version":[{"id":228,"href":"https:\/\/zuttix.com\/it\/wp-json\/wp\/v2\/pages\/107\/revisions\/228"}],"wp:attachment":[{"href":"https:\/\/zuttix.com\/it\/wp-json\/wp\/v2\/media?parent=107"}],"curies":[{"name":"parola chiave","href":"https:\/\/api.w.org\/{rel}","templated":true}]}}