{"id":109,"date":"2024-05-31T15:10:10","date_gmt":"2024-05-31T15:10:10","guid":{"rendered":"https:\/\/zuttix.com\/?page_id=109"},"modified":"2024-06-05T23:45:26","modified_gmt":"2024-06-05T23:45:26","slug":"datenschutzrichtlinien","status":"publish","type":"page","link":"https:\/\/zuttix.com\/de\/politicas-de-privacidade\/","title":{"rendered":"Datenschutzrichtlinien"},"content":{"rendered":"<p>Ihre Privatsph\u00e4re ist uns wichtig. Es ist unsere Politik <a href=\"https:\/\/zuttix.com\/de\/\">Zuttix<\/a> respektieren Ihre Privatsph\u00e4re in Bezug auf alle Informationen, die wir von Ihnen auf der Website sammeln <a href=\"https:\/\/zuttix.com\/de\/\">Zuttix<\/a>und andere Websites, die wir besitzen und betreiben. Wir fragen nur dann nach personenbezogenen Daten, wenn wir diese wirklich ben\u00f6tigen, um einen Service bereitzustellen. Wir erheben sie auf faire und rechtm\u00e4\u00dfige Weise sowie mit Ihrem Wissen und Ihrer Zustimmung. Wir informieren Sie auch dar\u00fcber, warum wir sie erheben und wie sie verwendet werden. Wir speichern die gesammelten Informationen nur so lange, wie es f\u00fcr die Bereitstellung des angeforderten Services erforderlich ist. Die von uns gespeicherten Daten sch\u00fctzen wir mit kommerziell vertretbaren Mitteln, um Verlust und Diebstahl sowie unbefugten Zugriff, Offenlegung, Kopieren, Verwendung oder \u00c4nderung zu verhindern. Wir geben personenbezogene Daten nicht \u00f6ffentlich oder an Dritte weiter, es sei denn, dies ist gesetzlich vorgeschrieben. Unsere Website kann Links zu externen Websites enthalten, die nicht von uns betrieben werden. Bitte beachten Sie, dass wir keine Kontrolle \u00fcber den Inhalt und die Praktiken dieser Websites haben und keine Verantwortung f\u00fcr deren jeweilige Datenschutzrichtlinien \u00fcbernehmen. Es steht Ihnen frei, unsere Anfrage nach Ihren personenbezogenen Daten abzulehnen, mit dem Verst\u00e4ndnis, dass wir Ihnen m\u00f6glicherweise einige der gew\u00fcnschten Services nicht anbieten k\u00f6nnen. Ihre fortgesetzte Nutzung unserer Website gilt als Akzeptanz unserer Praktiken in Bezug auf Datenschutz und personenbezogene Daten. Wenn Sie Fragen dazu haben, wie wir Benutzerdaten und personenbezogene Daten verarbeiten, kontaktieren Sie uns bitte.<\/p>\n\n\n\n<h3 class=\"wp-block-heading\">Zuttix Cookie-Richtlinie<\/h3>\n\n\n\n<h3 class=\"wp-block-heading\">Was sind Cookies?<\/h3>\n\n\n\n<p>Wie bei fast allen professionellen Websites \u00fcblich, verwendet diese Website Cookies. Dabei handelt es sich um kleine Dateien, die auf Ihren Computer heruntergeladen werden, um Ihr Erlebnis zu verbessern. Auf dieser Seite wird beschrieben, welche Informationen sie sammeln, wie wir sie verwenden und warum wir diese Cookies manchmal speichern m\u00fcssen. Wir erkl\u00e4ren Ihnen auch, wie Sie die Speicherung dieser Cookies verhindern k\u00f6nnen. Dies kann jedoch dazu f\u00fchren, dass bestimmte Elemente der Website-Funktionalit\u00e4t beeintr\u00e4chtigt werden.<\/p>\n\n\n\n<h3 class=\"wp-block-heading\">Wie verwenden wir Cookies?<\/h3>\n\n\n\n<p>Wir verwenden Cookies aus verschiedenen Gr\u00fcnden, die im Folgenden n\u00e4her erl\u00e4utert werden. Leider gibt es in den meisten F\u00e4llen keine branchen\u00fcblichen Optionen zum Deaktivieren von Cookies, ohne die Funktionalit\u00e4t und die Funktionen, die sie dieser Website hinzuf\u00fcgen, vollst\u00e4ndig zu deaktivieren. Es wird empfohlen, alle Cookies aktiviert zu lassen, wenn Sie nicht sicher sind, ob Sie sie ben\u00f6tigen oder nicht, falls sie zur Bereitstellung eines von Ihnen genutzten Dienstes verwendet werden.<\/p>\n\n\n\n<h3 class=\"wp-block-heading\">Cookies deaktivieren<\/h3>\n\n\n\n<p>Sie k\u00f6nnen das Setzen von Cookies verhindern, indem Sie Ihre Browsereinstellungen anpassen (Informationen hierzu finden Sie in der Hilfefunktion Ihres Browsers). Beachten Sie, dass die Deaktivierung von Cookies die Funktionalit\u00e4t dieser und vieler anderer von Ihnen besuchter Websites beeintr\u00e4chtigt. Die Deaktivierung von Cookies f\u00fchrt in der Regel auch zur Deaktivierung bestimmter Funktionen und Features dieser Website. Es wird daher empfohlen, Cookies nicht zu deaktivieren.<\/p>\n\n\n\n<h3 class=\"wp-block-heading\">Von uns gesetzte Cookies<\/h3>\n\n\n\n<ul class=\"wp-block-list\">\n<li>Kontobezogene Cookies: Wenn Sie ein Konto bei uns erstellen, verwenden wir Cookies f\u00fcr die Verwaltung des Anmeldevorgangs und die allgemeine Verwaltung. Diese Cookies werden in der Regel gel\u00f6scht, wenn Sie sich abmelden. In einigen F\u00e4llen bleiben sie jedoch auch danach erhalten, um Ihre Website-Einstellungen zu speichern, wenn Sie sich abmelden.<\/li>\n\n\n\n<li>Login-bezogene Cookies: Wir verwenden Cookies, wenn Sie angemeldet sind, um uns dies zu merken. So m\u00fcssen Sie sich nicht bei jedem Besuch einer neuen Seite erneut anmelden. Diese Cookies werden in der Regel beim Abmelden entfernt oder gel\u00f6scht, um sicherzustellen, dass Sie nur auf eingeschr\u00e4nkte Funktionen und Bereiche zugreifen k\u00f6nnen, wenn Sie angemeldet sind.<\/li>\n\n\n\n<li>Cookies im Zusammenhang mit E-Mail-Newslettern Diese Site bietet Newsletter- oder E-Mail-Abonnementdienste an und Cookies k\u00f6nnen verwendet werden, um sich zu merken, ob Sie bereits registriert sind und ob bestimmte Benachrichtigungen angezeigt werden sollen, die m\u00f6glicherweise nur f\u00fcr abonnierte\/nicht abonnierte Benutzer g\u00fcltig sind.<\/li>\n\n\n\n<li>Cookies zur Auftragsabwicklung Diese Site bietet E-Commerce- oder Zahlungsm\u00f6glichkeiten und einige Cookies sind wichtig, um sicherzustellen, dass Ihre Bestellung zwischen den Seiten gespeichert wird, damit wir sie ordnungsgem\u00e4\u00df verarbeiten k\u00f6nnen.<\/li>\n\n\n\n<li>Umfragebezogene Cookies: Wir bieten regelm\u00e4\u00dfig Umfragen und Frageb\u00f6gen an, um Ihnen interessante Einblicke und hilfreiche Tools zu bieten oder unsere Nutzerbasis besser zu verstehen. Diese Umfragen k\u00f6nnen Cookies verwenden, um sich zu merken, wer bereits an einer Umfrage teilgenommen hat, oder um Ihnen nach einem Seitenwechsel genaue Ergebnisse zu liefern.<\/li>\n\n\n\n<li>Formularbezogene Cookies Wenn Sie Daten \u00fcber ein Formular \u00fcbermitteln, wie es beispielsweise auf Kontaktseiten oder Kommentarformularen zu finden ist, k\u00f6nnen Cookies gesetzt werden, um Ihre Benutzerdaten f\u00fcr zuk\u00fcnftige Korrespondenz zu speichern.<\/li>\n\n\n\n<li>Cookies f\u00fcr Website-Pr\u00e4ferenzen: Um Ihnen ein optimales Erlebnis auf dieser Website zu bieten, bieten wir Ihnen die M\u00f6glichkeit, Ihre Pr\u00e4ferenzen f\u00fcr die Ausf\u00fchrung dieser Website festzulegen. Um Ihre Pr\u00e4ferenzen zu speichern, m\u00fcssen wir Cookies setzen, damit diese Informationen abgerufen werden k\u00f6nnen, wenn Sie mit einer Seite interagieren, die von Ihren Pr\u00e4ferenzen betroffen ist.<\/li>\n<\/ul>\n\n\n\n<h3 class=\"wp-block-heading\">Cookies von Drittanbietern<\/h3>\n\n\n\n<p>In einigen Sonderf\u00e4llen verwenden wir auch Cookies von vertrauensw\u00fcrdigen Drittanbietern. Im folgenden Abschnitt erfahren Sie, welche Drittanbieter-Cookies Sie auf dieser Website m\u00f6glicherweise verwenden.<\/p>\n\n\n\n<ul class=\"wp-block-list\">\n<li>Diese Website verwendet Google Analytics, eine der am weitesten verbreiteten und vertrauensw\u00fcrdigsten Analysel\u00f6sungen im Internet. Sie hilft uns dabei, Ihr Nutzungsverhalten zu verstehen und Ihr Nutzererlebnis zu verbessern. Diese Cookies erfassen beispielsweise Ihre Verweildauer auf der Website und die von Ihnen besuchten Seiten, damit wir weiterhin ansprechende Inhalte erstellen k\u00f6nnen.<\/li>\n<\/ul>\n\n\n\n<p>Weitere Informationen zu Google Analytics-Cookies finden Sie auf der offiziellen Google Analytics-Seite.<\/p>\n\n\n\n<ul class=\"wp-block-list\">\n<li>Mithilfe von Drittanbieter-Analysen verfolgen und messen wir die Nutzung dieser Website, damit wir weiterhin ansprechende Inhalte erstellen k\u00f6nnen. Diese Cookies erfassen beispielsweise Ihre Verweildauer auf der Website oder die von Ihnen besuchten Seiten. So k\u00f6nnen wir besser verstehen, wie wir die Website f\u00fcr Sie verbessern k\u00f6nnen.<\/li>\n\n\n\n<li>Wir testen regelm\u00e4\u00dfig neue Funktionen und nehmen geringf\u00fcgige \u00c4nderungen an der Bereitstellung der Website vor. W\u00e4hrend wir neue Funktionen testen, k\u00f6nnen diese Cookies verwendet werden, um sicherzustellen, dass Sie auf der Website ein einheitliches Erlebnis haben und wir gleichzeitig verstehen, welche Optimierungen unsere Benutzer am meisten sch\u00e4tzen.<\/li>\n\n\n\n<li>Da wir Produkte verkaufen, ist es f\u00fcr uns wichtig, Statistiken dar\u00fcber zu erhalten, wie viele Besucher unserer Website tats\u00e4chlich einen Kauf t\u00e4tigen. Genau diese Daten werden von diesen Cookies erfasst. Dies ist f\u00fcr Sie wichtig, da wir so pr\u00e4zise Gesch\u00e4ftsprognosen erstellen und unsere Werbe- und Produktkosten \u00fcberwachen k\u00f6nnen, um den bestm\u00f6glichen Preis zu gew\u00e4hrleisten.<\/li>\n\n\n\n<li>Der von uns f\u00fcr die Schaltung von Werbung genutzte Google AdSense-Dienst verwendet ein DoubleClick-Cookie, um relevantere Anzeigen im Web zu schalten und die H\u00e4ufigkeit der Anzeige einer bestimmten Anzeige zu begrenzen. Weitere Informationen zu Google AdSense finden Sie in den offiziellen Datenschutz-FAQs zu Google AdSense.<\/li>\n\n\n\n<li>Wir nutzen Werbung, um die Kosten f\u00fcr den Betrieb dieser Website zu decken und die zuk\u00fcnftige Entwicklung zu finanzieren. Die von dieser Website verwendeten verhaltensbasierten Werbe-Cookies sollen sicherstellen, dass wir Ihnen m\u00f6glichst relevante Werbung bieten, indem wir Ihre Interessen anonym verfolgen und Ihnen \u00e4hnliche Inhalte pr\u00e4sentieren, die f\u00fcr Sie von Interesse sein k\u00f6nnten.<\/li>\n\n\n\n<li>Mehrere Partner werben in unserem Namen, und mithilfe von Affiliate-Tracking-Cookies k\u00f6nnen wir einfach feststellen, ob unsere Kunden \u00fcber eine unserer Partner-Sites auf die Site gelangt sind, damit wir ihnen die entsprechenden Gutschriften zukommen lassen und unseren Affiliate-Partnern gegebenenfalls erm\u00f6glichen k\u00f6nnen, Ihnen etwaige Anreize f\u00fcr einen Kauf zu bieten.<\/li>\n<\/ul>\n\n\n\n<h3 class=\"wp-block-heading\">Benutzerverpflichtung<\/h3>\n\n\n\n<p>Der Benutzer verpflichtet sich, die Inhalte und Informationen, die Zuttix auf der Website anbietet, angemessen zu nutzen, und zwar beispielsweise, aber nicht ausschlie\u00dflich:<\/p>\n\n\n\n<ul class=\"wp-block-list\">\n<li>A) sich nicht an Aktivit\u00e4ten zu beteiligen, die illegal sind oder gegen Treu und Glauben und die \u00f6ffentliche Ordnung versto\u00dfen;<\/li>\n\n\n\n<li>B) Verbreiten Sie keine Propaganda oder Inhalte rassistischer, fremdenfeindlicher oder sch\u00e4dlicher Natur, keine Art illegaler Pornografie, keine Unterst\u00fctzung des Terrorismus oder gegen die Menschenrechte;<\/li>\n\n\n\n<li>C) Keine Sch\u00e4den an den physischen (Hardware) und logischen (Software) Systemen von Zuttix, seinen Lieferanten oder Dritten zu verursachen, keine Computerviren oder andere Hardware- oder Softwaresysteme einzuf\u00fchren oder zu verbreiten, die die oben genannten Sch\u00e4den verursachen k\u00f6nnen.<\/li>\n<\/ul>\n\n\n\n<h3 class=\"wp-block-heading\">Weitere Informationen<\/h3>\n\n\n\n<p>Hoffentlich hat das die Dinge f\u00fcr Sie gekl\u00e4rt, und wie bereits erw\u00e4hnt, ist es normalerweise sicherer, Cookies aktiviert zu lassen, falls sie mit einer der Funktionen interagieren, die Sie auf unserer Website verwenden, wenn Sie sich nicht sicher sind, ob Sie etwas ben\u00f6tigen oder nicht. Diese Richtlinie ist g\u00fcltig ab <strong>Januar<\/strong>\/<strong>2022<\/strong>.<\/p>","protected":false},"excerpt":{"rendered":"<p>A sua privacidade \u00e9 importante para n\u00f3s. \u00c9 pol\u00edtica do Zuttix respeitar a sua privacidade em rela\u00e7\u00e3o a qualquer informa\u00e7\u00e3o sua que possamos coletar no site Zuttix, e outros sites que possu\u00edmos e operamos. Solicitamos informa\u00e7\u00f5es pessoais apenas quando realmente precisamos delas para lhe fornecer um servi\u00e7o. Fazemo-lo por meios justos e legais, com o [&hellip;]<\/p>\n","protected":false},"author":1,"featured_media":0,"parent":0,"menu_order":0,"comment_status":"closed","ping_status":"closed","template":"","meta":{"footnotes":""},"class_list":["post-109","page","type-page","status-publish"],"_links":{"self":[{"href":"https:\/\/zuttix.com\/de\/wp-json\/wp\/v2\/pages\/109","targetHints":{"allow":["GET"]}}],"collection":[{"href":"https:\/\/zuttix.com\/de\/wp-json\/wp\/v2\/pages"}],"about":[{"href":"https:\/\/zuttix.com\/de\/wp-json\/wp\/v2\/types\/page"}],"author":[{"embeddable":true,"href":"https:\/\/zuttix.com\/de\/wp-json\/wp\/v2\/users\/1"}],"replies":[{"embeddable":true,"href":"https:\/\/zuttix.com\/de\/wp-json\/wp\/v2\/comments?post=109"}],"version-history":[{"count":4,"href":"https:\/\/zuttix.com\/de\/wp-json\/wp\/v2\/pages\/109\/revisions"}],"predecessor-version":[{"id":226,"href":"https:\/\/zuttix.com\/de\/wp-json\/wp\/v2\/pages\/109\/revisions\/226"}],"wp:attachment":[{"href":"https:\/\/zuttix.com\/de\/wp-json\/wp\/v2\/media?parent=109"}],"curies":[{"name":"wp","href":"https:\/\/api.w.org\/{rel}","templated":true}]}}