{"id":107,"date":"2024-05-31T15:09:54","date_gmt":"2024-05-31T15:09:54","guid":{"rendered":"https:\/\/zuttix.com\/?page_id=107"},"modified":"2024-06-05T23:48:08","modified_gmt":"2024-06-05T23:48:08","slug":"nutzungsbedingungen","status":"publish","type":"page","link":"https:\/\/zuttix.com\/de\/termos-de-uso\/","title":{"rendered":"Nutzungsbedingungen"},"content":{"rendered":"<h3 class=\"wp-block-heading\" id=\"1-termos\">1. Bedingungen<\/h3>\n\n\n\n<p>Beim Zugriff auf die Website <a href=\"https:\/\/zuttix.com\/de\/\">Zuttix<\/a>erkl\u00e4ren Sie sich damit einverstanden, diese Servicebedingungen sowie alle geltenden Gesetze und Vorschriften einzuhalten, und erkl\u00e4ren sich damit einverstanden, dass Sie f\u00fcr die Einhaltung aller geltenden \u00f6rtlichen Gesetze verantwortlich sind. Wenn Sie mit diesen Bedingungen nicht einverstanden sind, ist Ihnen die Nutzung dieser Site und der Zugriff darauf untersagt. Die auf dieser Website enthaltenen Materialien sind durch geltendes Urheber- und Markenrecht gesch\u00fctzt.<\/p>\n\n\n\n<h3 class=\"wp-block-heading\" id=\"2-uso-de-licenca\">2. Nutzungslizenz<\/h3>\n\n\n\n<p>Es wird die Erlaubnis erteilt, vor\u00fcbergehend eine Kopie der Materialien (Informationen oder Software) auf der Website von Zuttix f\u00fcr die ausschlie\u00dflich pers\u00f6nliche, nicht kommerzielle, vor\u00fcbergehende Ansicht herunterzuladen. Hierbei handelt es sich um die Gew\u00e4hrung einer Lizenz und nicht um die \u00dcbertragung eines Eigentumsrechts. Im Rahmen dieser Lizenz d\u00fcrfen Sie nicht:\u00a0<\/p>\n\n\n\n<ol class=\"wp-block-list\">\n<li>die Materialien ver\u00e4ndern oder kopieren;\u00a0<\/li>\n\n\n\n<li>die Materialien f\u00fcr kommerzielle Zwecke oder f\u00fcr die \u00f6ffentliche Darstellung (kommerziell oder nicht kommerziell) zu verwenden;\u00a0<\/li>\n\n\n\n<li>versuchen, Software auf der Zuttix-Website zu dekompilieren oder zur\u00fcckzuentwickeln;\u00a0<\/li>\n\n\n\n<li>s\u00e4mtliche Urheberrechtsvermerke oder sonstige Eigentumsvermerke aus den Materialien entfernen; oder\u00a0<\/li>\n\n\n\n<li>\u00dcbertragen Sie die Materialien nicht an eine andere Person, und spiegeln Sie sie nicht auf einem anderen Server.<\/li>\n<\/ol>\n\n\n\n<p>Diese Lizenz erlischt automatisch, wenn Sie gegen eine dieser Beschr\u00e4nkungen versto\u00dfen, und kann von Zuttix jederzeit gek\u00fcndigt werden. Wenn Sie die Anzeige dieser Materialien beenden oder diese Lizenz erlischt, m\u00fcssen Sie s\u00e4mtliche heruntergeladenen Materialien in Ihrem Besitz vernichten, unabh\u00e4ngig davon, ob sie in elektronischer oder gedruckter Form vorliegen.<\/p>\n\n\n\n<h3 class=\"wp-block-heading\" id=\"3-isencao-de-responsabilidade\">3. Haftungsausschluss<\/h3>\n\n\n\n<ol class=\"wp-block-list\">\n<li>Die Materialien auf der Website von Zuttix werden \u201ewie besehen\u201c bereitgestellt. Zuttix \u00fcbernimmt keine Garantien, weder ausdr\u00fccklich noch stillschweigend, und schlie\u00dft hiermit alle anderen Garantien aus, einschlie\u00dflich, aber nicht beschr\u00e4nkt auf stillschweigende Garantien oder Gew\u00e4hrleistungen hinsichtlich der Marktg\u00e4ngigkeit, Eignung f\u00fcr einen bestimmten Zweck oder Nichtverletzung von geistigem Eigentum oder andere Rechtsverletzungen.<\/li>\n\n\n\n<li>Des Weiteren \u00fcbernimmt Zuttix keine Garantie und macht keine Zusicherungen hinsichtlich der Genauigkeit, der wahrscheinlichen Ergebnisse oder der Zuverl\u00e4ssigkeit der Verwendung der Materialien auf seiner Website oder in sonstiger Weise in Bezug auf diese Materialien oder auf Websites, die mit dieser Website verlinkt sind.<\/li>\n<\/ol>\n\n\n\n<h3 class=\"wp-block-heading\" id=\"4-limitacoes\">4. Einschr\u00e4nkungen<\/h3>\n\n\n\n<p>In keinem Fall haftet Zuttix oder seine Lieferanten f\u00fcr Sch\u00e4den (einschlie\u00dflich, aber nicht beschr\u00e4nkt auf Sch\u00e4den durch Datenverlust oder entgangenen Gewinn oder aufgrund von Betriebsunterbrechung), die aus der Nutzung oder der Unm\u00f6glichkeit der Nutzung der Materialien auf Zuttix entstehen, selbst wenn Zuttix oder ein autorisierter Vertreter von Zuttix m\u00fcndlich oder schriftlich \u00fcber die M\u00f6glichkeit solcher Sch\u00e4den informiert wurde. Da einige Rechtsgebiete die Einschr\u00e4nkung stillschweigender Garantien oder die Haftung f\u00fcr Folge- oder Nebensch\u00e4den nicht zulassen, gelten diese Einschr\u00e4nkungen m\u00f6glicherweise nicht f\u00fcr Sie.<\/p>\n\n\n\n<h3 class=\"wp-block-heading\" id=\"5-precisao-dos-materiais\">5. Genauigkeit der Materialien<\/h3>\n\n\n\n<p>Die auf der Zuttix-Website angezeigten Materialien k\u00f6nnen technische, typografische oder fotografische Fehler enthalten. Zuttix \u00fcbernimmt keine Gew\u00e4hr f\u00fcr die Richtigkeit, Vollst\u00e4ndigkeit oder Aktualit\u00e4t der Materialien auf seiner Website. Zuttix kann die auf seiner Website enthaltenen Materialien jederzeit und ohne Vorank\u00fcndigung \u00e4ndern. Zuttix \u00fcbernimmt jedoch keine Verpflichtung zur Aktualisierung der Materialien.<\/p>\n\n\n\n<h3 class=\"wp-block-heading\" id=\"6-links\">6. Links<\/h3>\n\n\n\n<p>Zuttix hat nicht alle mit seiner Website verkn\u00fcpften Sites \u00fcberpr\u00fcft und ist nicht f\u00fcr den Inhalt solcher verkn\u00fcpften Sites verantwortlich. Die Einbeziehung eines Links bedeutet nicht, dass Zuttix die Site unterst\u00fctzt. Die Nutzung aller verlinkten Websites erfolgt auf eigene Gefahr des Benutzers.<\/p>\n\n\n\n<h3 class=\"wp-block-heading\" id=\"modificacoes\">\u00c4nderungen<\/h3>\n\n\n\n<p>Zuttix kann diese Nutzungsbedingungen f\u00fcr seine Website jederzeit und ohne Vorank\u00fcndigung \u00e4ndern. Indem Sie diese Website nutzen, erkl\u00e4ren Sie sich mit der jeweils aktuellen Version dieser Servicebedingungen einverstanden.<\/p>\n\n\n\n<h3 class=\"wp-block-heading\" id=\"lei-aplicavel\">Geltendes Recht<\/h3>\n\n\n\n<p>Diese Gesch\u00e4ftsbedingungen unterliegen den Gesetzen von Zuttix und werden entsprechend ausgelegt. Sie unterwerfen sich unwiderruflich der ausschlie\u00dflichen Zust\u00e4ndigkeit der Gerichte in diesem Staat oder an diesem Ort.<\/p>","protected":false},"excerpt":{"rendered":"<p>1. Termos Ao acessar ao site Zuttix, concorda em cumprir estes termos de servi\u00e7o, todas as leis e regulamentos aplic\u00e1veis \u200b\u200be concorda que \u00e9 respons\u00e1vel pelo cumprimento de todas as leis locais aplic\u00e1veis. Se voc\u00ea n\u00e3o concordar com algum desses termos, est\u00e1 proibido de usar ou acessar este site. Os materiais contidos neste site s\u00e3o [&hellip;]<\/p>\n","protected":false},"author":1,"featured_media":0,"parent":0,"menu_order":0,"comment_status":"closed","ping_status":"closed","template":"","meta":{"footnotes":""},"class_list":["post-107","page","type-page","status-publish"],"_links":{"self":[{"href":"https:\/\/zuttix.com\/de\/wp-json\/wp\/v2\/pages\/107","targetHints":{"allow":["GET"]}}],"collection":[{"href":"https:\/\/zuttix.com\/de\/wp-json\/wp\/v2\/pages"}],"about":[{"href":"https:\/\/zuttix.com\/de\/wp-json\/wp\/v2\/types\/page"}],"author":[{"embeddable":true,"href":"https:\/\/zuttix.com\/de\/wp-json\/wp\/v2\/users\/1"}],"replies":[{"embeddable":true,"href":"https:\/\/zuttix.com\/de\/wp-json\/wp\/v2\/comments?post=107"}],"version-history":[{"count":2,"href":"https:\/\/zuttix.com\/de\/wp-json\/wp\/v2\/pages\/107\/revisions"}],"predecessor-version":[{"id":228,"href":"https:\/\/zuttix.com\/de\/wp-json\/wp\/v2\/pages\/107\/revisions\/228"}],"wp:attachment":[{"href":"https:\/\/zuttix.com\/de\/wp-json\/wp\/v2\/media?parent=107"}],"curies":[{"name":"wp","href":"https:\/\/api.w.org\/{rel}","templated":true}]}}